{"id":6863,"date":"2025-09-09T08:08:09","date_gmt":"2025-09-09T11:08:09","guid":{"rendered":"https:\/\/anachagas.com.br\/?page_id=6863"},"modified":"2025-09-26T00:09:02","modified_gmt":"2025-09-26T03:09:02","slug":"getao-de-carreira","status":"publish","type":"page","link":"https:\/\/anachagas.com.br\/?page_id=6863","title":{"rendered":"Get\u00e3o de Carreira"},"content":{"rendered":"\t\t<div data-elementor-type=\"wp-page\" data-elementor-id=\"6863\" class=\"elementor elementor-6863\">\n\t\t\t\t\t\t<section class=\"elementor-section elementor-top-section elementor-element elementor-element-ae9a80a elementor-reverse-tablet elementor-reverse-mobile elementor-section-boxed elementor-section-height-default elementor-section-height-default\" data-id=\"ae9a80a\" data-element_type=\"section\">\n\t\t\t\t\t\t<div class=\"elementor-container elementor-column-gap-default\">\n\t\t\t\t\t<div class=\"elementor-column elementor-col-33 elementor-top-column elementor-element elementor-element-1f42408 sticky-top\" data-id=\"1f42408\" data-element_type=\"column\">\n\t\t\t<div class=\"elementor-widget-wrap elementor-element-populated\">\n\t\t\t\t\t\t<section class=\"elementor-section elementor-inner-section elementor-element elementor-element-479ab4d elementor-section-boxed elementor-section-height-default elementor-section-height-default\" data-id=\"479ab4d\" data-element_type=\"section\">\n\t\t\t\t\t\t<div class=\"elementor-container elementor-column-gap-default\">\n\t\t\t\t\t<div class=\"elementor-column elementor-col-100 elementor-inner-column elementor-element elementor-element-6118b82\" data-id=\"6118b82\" data-element_type=\"column\" data-settings=\"{&quot;background_background&quot;:&quot;classic&quot;}\">\n\t\t\t<div class=\"elementor-widget-wrap elementor-element-populated\">\n\t\t\t\t\t<div class=\"elementor-background-overlay\"><\/div>\n\t\t\t\t\t\t<div class=\"elementor-element elementor-element-a090750 elementor-widget elementor-widget-info_box\" data-id=\"a090750\" data-element_type=\"widget\" data-widget_type=\"info_box.default\">\n\t\t\t\t<div class=\"elementor-widget-container\">\n\t\t\t\t\t\t\t<div class=\"feature-box style-default icon-top \">\n\t\t\t\t\t\t<div class=\"feature-icon\"><i aria-hidden=\"true\" class=\"ti ti-headphone-alt\"><\/i><\/div>\n\t\t\t            <div class=\"feature-info\">\n\t\t\t\t              \t\t<h4 class=\"title\">Quero Reservar um Hor\u00e1rio<\/h4>\n\t\t\t\t              \t\t<p>Agende sua sess\u00e3o e d\u00ea o primeiro passo para a mudan\u00e7a que voc\u00ea merece.<\/p>\n\t\t\t\t\t\t\t\t            <\/div>\n        <\/div>\n\t\t\t\t\t\t<\/div>\n\t\t\t\t<\/div>\n\t\t\t\t<div class=\"elementor-element elementor-element-9895b4b elementor-widget elementor-widget-info_box\" data-id=\"9895b4b\" data-element_type=\"widget\" data-widget_type=\"info_box.default\">\n\t\t\t\t<div class=\"elementor-widget-container\">\n\t\t\t\t\t\t\t<div class=\"feature-box style-default icon-left \">\n\t\t\t\t\t\t<div class=\"feature-icon\"><i aria-hidden=\"true\" class=\"ion ion-android-call\"><\/i><\/div>\n\t\t\t            <div class=\"feature-info\">\n\t\t\t\t              \t\t<h6 class=\"title\">+55 (71) 99323-2318<\/h6>\n\t\t\t\t\t\t\t\t            <\/div>\n        <\/div>\n\t\t\t\t\t\t<\/div>\n\t\t\t\t<\/div>\n\t\t\t\t<div class=\"elementor-element elementor-element-08bd7e6 elementor-widget elementor-widget-info_box\" data-id=\"08bd7e6\" data-element_type=\"widget\" data-widget_type=\"info_box.default\">\n\t\t\t\t<div class=\"elementor-widget-container\">\n\t\t\t\t\t\t\t<div class=\"feature-box style-default icon-left \">\n\t\t\t\t\t\t<div class=\"feature-icon\"><i aria-hidden=\"true\" class=\"ti ti-email\"><\/i><\/div>\n\t\t\t            <div class=\"feature-info\">\n\t\t\t\t              \t\t<h6 class=\"title\">contato@anachagas.com.br<\/h6>\n\t\t\t\t\t\t\t\t            <\/div>\n        <\/div>\n\t\t\t\t\t\t<\/div>\n\t\t\t\t<\/div>\n\t\t\t\t\t<\/div>\n\t\t<\/div>\n\t\t\t\t\t<\/div>\n\t\t<\/section>\n\t\t\t\t\t<\/div>\n\t\t<\/div>\n\t\t\t\t<div class=\"elementor-column elementor-col-66 elementor-top-column elementor-element elementor-element-70f941c\" data-id=\"70f941c\" data-element_type=\"column\">\n\t\t\t<div class=\"elementor-widget-wrap elementor-element-populated\">\n\t\t\t\t\t\t<div class=\"elementor-element elementor-element-f36e17c elementor-widget elementor-widget-image_gallery\" data-id=\"f36e17c\" data-element_type=\"widget\" data-widget_type=\"image_gallery.default\">\n\t\t\t\t<div class=\"elementor-widget-container\">\n\t\t\t\t\t\t\t<div class=\"gallery-item-main arrow-style2\">\n\t\t\t\t<div class=\"swiper-container\" data-items=\"1\" data-lg-items=\"1\" data-md-items=\"1\" data-sm-items=\"1\" data-xs-items=\"1\" data-space=\"15\" data-arrow=\"true\" data-bullets=\"false\" data-autoplay=\"false\" data-loop=\"true\" data-centered=\"false\">\n\t\t\t<div class=\"swiper-wrapper\">\n\t\t\t\t\t\t\t\t<div class=\"swiper-slide\">\n\t\t\t\t\t<div class=\"gallery-item\">\n\t\t\t\t\t\t<a class=\"popup-img\" href=\"https:\/\/anachagas.com.br\/wp-content\/uploads\/2025\/08\/4.png\">\n\t\t\t\t\t\t\t<img decoding=\"async\" src=\"https:\/\/anachagas.com.br\/wp-content\/uploads\/2025\/08\/4.png\" class=\"img-fluid\" alt=\"\" \/>\n\t\t\t\t\t\t<\/a>\n\t\t\t\t\t<\/div>\n\t\t\t\t<\/div>\n\t\t\t\t\t\t\t<\/div>\n\n\t\t\t<div class=\"swiper-pagination\"><\/div>\n\t\t\t<div class=\"swiper-button-next\"><i class=\"fas fa-chevron-right\"><\/i><\/div>\n\t\t\t<div class=\"swiper-button-prev\"><i class=\"fas fa-chevron-left\"><\/i><\/div>\n\n\t\t<\/div>\n\t\t\t\t\t<\/div>\n\t\t\t\t\t\t<\/div>\n\t\t\t\t<\/div>\n\t\t\t\t<div class=\"elementor-element elementor-element-8b4c181 elementor-widget elementor-widget-text-editor\" data-id=\"8b4c181\" data-element_type=\"widget\" data-widget_type=\"text-editor.default\">\n\t\t\t\t\t\t\t\t\t<p data-start=\"185\" data-end=\"465\">Com especializa\u00e7\u00e3o em Gest\u00e3o de Pessoas e mais de 15 anos de experi\u00eancia em ambientes organizacionais, ofere\u00e7o solu\u00e7\u00f5es voltadas ao desenvolvimento humano. Atendo tanto empresas, que buscam promover o bem-estar e fortalecer o clima organizacional, quanto profissionais que desejam direcionamento de carreira e aprimoramento de habilidades para se destacar em um mercado cada vez mais competitivo.<\/p>\t\t\t\t\t\t\t\t<\/div>\n\t\t\t\t<section class=\"elementor-section elementor-inner-section elementor-element elementor-element-4c1c453 elementor-section-boxed elementor-section-height-default elementor-section-height-default\" data-id=\"4c1c453\" data-element_type=\"section\">\n\t\t\t\t\t\t<div class=\"elementor-container elementor-column-gap-default\">\n\t\t\t\t\t<div class=\"elementor-column elementor-col-50 elementor-inner-column elementor-element elementor-element-43a1024\" data-id=\"43a1024\" data-element_type=\"column\">\n\t\t\t<div class=\"elementor-widget-wrap elementor-element-populated\">\n\t\t\t\t\t\t<div class=\"elementor-element elementor-element-fa6895e elementor-widget elementor-widget-info_box\" data-id=\"fa6895e\" data-element_type=\"widget\" data-widget_type=\"info_box.default\">\n\t\t\t\t<div class=\"elementor-widget-container\">\n\t\t\t\t\t\t\t<div class=\"feature-box style-default icon-left  shadow-enable border-hover\">\n\t\t\t\t\t\t<div class=\"feature-icon\"><i aria-hidden=\"true\" class=\"glyph-icon flaticon-human-resources\"><\/i><\/div>\n\t\t\t            <div class=\"feature-info\">\n\t\t\t\t              \t\t<h6 class=\"title\">Solu\u00e7\u00f5es para empresas<\/h6>\n\t\t\t\t              \t\t<p>Com foco no desenvolvimento de pessoas e ambientes organizacionais mais saud\u00e1veis, ofere\u00e7o solu\u00e7\u00f5es voltadas para a promo\u00e7\u00e3o de bem-estar, atrav\u00e9s de Palestras e Workshops, Programas de Preven\u00e7\u00e3o da Sa\u00fade Mental e Promo\u00e7\u00e3o de Qualidade de Vida, cria\u00e7\u00e3o de Espa\u00e7os de escuta (plant\u00e3o psicol\u00f3gico) para colaboradores em momentos de crise e Treinamentos e Desenvolvimento de equipes, atrav\u00e9s do desenvolvimento de habilidades socioemocionais, comunica\u00e7\u00e3o assertiva, gest\u00e3o de conflitos e constru\u00e7\u00e3o de rela\u00e7\u00f5es saud\u00e1veis.<\/p>\n\t\t\t\t\t\t\t\t            <\/div>\n        <\/div>\n\t\t\t\t\t\t<\/div>\n\t\t\t\t<\/div>\n\t\t\t\t<div class=\"elementor-element elementor-element-cde66ee elementor-widget elementor-widget-info_box\" data-id=\"cde66ee\" data-element_type=\"widget\" data-widget_type=\"info_box.default\">\n\t\t\t\t<div class=\"elementor-widget-container\">\n\t\t\t\t\t\t\t<div class=\"feature-box style-default icon-left  shadow-enable border-hover\">\n\t\t\t\t\t\t<div class=\"feature-icon\"><i aria-hidden=\"true\" class=\"glyph-icon flaticon-human-resources\"><\/i><\/div>\n\t\t\t            <div class=\"feature-info\">\n\t\t\t\t              \t\t<h6 class=\"title\">Consultoria para Empresas<\/h6>\n\t\t\t\t              \t\t<p>Desenvolvemos solu\u00e7\u00f5es estrat\u00e9gicas e personalizadas para apoiar sua empresa na implanta\u00e7\u00e3o de a\u00e7\u00f5es organizacionais e regulat\u00f3rias, garantindo conformidade, efici\u00eancia e crescimento sustent\u00e1vel.<\/p>\n\t\t\t\t\t\t\t\t            <\/div>\n        <\/div>\n\t\t\t\t\t\t<\/div>\n\t\t\t\t<\/div>\n\t\t\t\t\t<\/div>\n\t\t<\/div>\n\t\t\t\t<div class=\"elementor-column elementor-col-50 elementor-inner-column elementor-element elementor-element-38ae201\" data-id=\"38ae201\" data-element_type=\"column\">\n\t\t\t<div class=\"elementor-widget-wrap elementor-element-populated\">\n\t\t\t\t\t\t<div class=\"elementor-element elementor-element-e019c22 elementor-widget elementor-widget-info_box\" data-id=\"e019c22\" data-element_type=\"widget\" data-widget_type=\"info_box.default\">\n\t\t\t\t<div class=\"elementor-widget-container\">\n\t\t\t\t\t\t\t<div class=\"feature-box style-default icon-left  shadow-enable border-hover mobile-icon-left\">\n\t\t\t\t\t\t<div class=\"feature-icon\"><i aria-hidden=\"true\" class=\"glyph-icon flaticon-human-resources\"><\/i><\/div>\n\t\t\t            <div class=\"feature-info\">\n\t\t\t\t              \t\t<h6 class=\"title\">Consultoria em Gest\u00e3o de Carreira<\/h6>\n\t\t\t\t              \t\t<p>Apoio profissionais na defini\u00e7\u00e3o de metas e estrat\u00e9gias para projetos de carreira. A consultoria promove desenvolvimento de compet\u00eancias, preparo para desafios do mercado e escolhas conscientes, fortalecendo autonomia e crescimento cont\u00ednuo em ambientes organizacionais.<\/p>\n\t\t\t\t\t\t\t\t            <\/div>\n        <\/div>\n\t\t\t\t\t\t<\/div>\n\t\t\t\t<\/div>\n\t\t\t\t\t<\/div>\n\t\t<\/div>\n\t\t\t\t\t<\/div>\n\t\t<\/section>\n\t\t\t\t<div class=\"elementor-element elementor-element-dd34bc8 elementor-widget elementor-widget-text-editor\" data-id=\"dd34bc8\" data-element_type=\"widget\" data-widget_type=\"text-editor.default\">\n\t\t\t\t\t\t\t\t\t<p>Cada desafio profissional ou organizacional exige direcionamento e estrat\u00e9gias bem definidas. Minha <strong>Gest\u00e3o de Carreira<\/strong> conecta conhecimento t\u00e9cnico e olhar humano, auxiliando tanto indiv\u00edduos quanto empresas a alcan\u00e7arem seus objetivos com confian\u00e7a, planejamento e equil\u00edbrio.<\/p>\t\t\t\t\t\t\t\t<\/div>\n\t\t\t\t<div class=\"elementor-element elementor-element-dd21da5 elementor-widget elementor-widget-finix_accordion\" data-id=\"dd21da5\" data-element_type=\"widget\" data-widget_type=\"finix_accordion.default\">\n\t\t\t\t<div class=\"elementor-widget-container\">\n\t\t\t\t\t\t\t<div class=\"accordion accordion-2 icon-flat\" id=\"accordion231\">\n\t\t\t\t\t\t<div class=\"card\">\n\t\t\t\t<div class=\"card-header\" id=\"heading-2311\">\n\t\t\t\t<h6 class=\"accordion-title\">\n\t\t\t\t\t<button type=\"button\" data-toggle=\"collapse\" data-target=\"#accordion-2311\" aria-expanded=\"true\" class=\"\" aria-controls=\"accordion-2311\">\n\t\t\t\t\t<span class=\"accordion-icon accordion-icon-right\">\n\t\t\t\t\t\t\t\t\t\t\t\t\t<span class=\"elementor-accordion-icon-closed\"><i class=\"ti ti-arrow-right\"><\/i><\/span>\n\t\t\t\t\t\t\t<span class=\"elementor-accordion-icon-opened\"><i class=\"ti ti-close\"><\/i><\/span>\n\t\t\t\t\t\t\t\t\t\t\t<\/span>\n\t\t\t\t\t<span class=\"finix-accordion-title\">1. Para quem \u00e9 indicada a Gest\u00e3o de Carreira?<\/span>\n\t\t\t\t\t<\/button>\n\t\t\t\t<\/h6>\n\t\t\t\t<\/div>\n\t\t\t\t\n\t\t\t\t\t\t\t\t<div id=\"accordion-2311\"  class=\"collapse show\" aria-labelledby=\"heading-2311\" data-parent=\"#accordion231\">\n\t\t\t\t<div class=\"card-body\">\n\t\t\t\t\t<p>A <strong>Gest\u00e3o de Carreira<\/strong> \u00e9 voltada para profissionais que buscam direcionamento em sua carreira e empresas que desejam desenvolver pessoas, processos e resultados.<\/p>\t\t\t\t<\/div>\n\t\t\t\t<\/div>\n\t\t\t\t\t\t\t<\/div>\n\t\t\t\t\t\t<div class=\"card\">\n\t\t\t\t<div class=\"card-header\" id=\"heading-2312\">\n\t\t\t\t<h6 class=\"accordion-title\">\n\t\t\t\t\t<button type=\"button\" data-toggle=\"collapse\" data-target=\"#accordion-2312\" aria-expanded=\"true\" class=\"collapsed\" aria-controls=\"accordion-2312\">\n\t\t\t\t\t<span class=\"accordion-icon accordion-icon-right\">\n\t\t\t\t\t\t\t\t\t\t\t\t\t<span class=\"elementor-accordion-icon-closed\"><i class=\"ti ti-arrow-right\"><\/i><\/span>\n\t\t\t\t\t\t\t<span class=\"elementor-accordion-icon-opened\"><i class=\"ti ti-close\"><\/i><\/span>\n\t\t\t\t\t\t\t\t\t\t\t<\/span>\n\t\t\t\t\t<span class=\"finix-accordion-title\">2. Como funciona o processo de Gest\u00e3o de Carreira?<\/span>\n\t\t\t\t\t<\/button>\n\t\t\t\t<\/h6>\n\t\t\t\t<\/div>\n\t\t\t\t\n\t\t\t\t\t\t\t\t<div id=\"accordion-2312\"  class=\"collapse \" aria-labelledby=\"heading-2312\" data-parent=\"#accordion231\">\n\t\t\t\t<div class=\"card-body\">\n\t\t\t\t\t<p>Ap\u00f3s uma an\u00e1lise inicial das necessidades, \u00e9 elaborado um plano personalizado com estrat\u00e9gias pr\u00e1ticas e acompanhamento para garantir evolu\u00e7\u00e3o cont\u00ednua.<\/p>\t\t\t\t<\/div>\n\t\t\t\t<\/div>\n\t\t\t\t\t\t\t<\/div>\n\t\t\t\t\t\t<div class=\"card\">\n\t\t\t\t<div class=\"card-header\" id=\"heading-2313\">\n\t\t\t\t<h6 class=\"accordion-title\">\n\t\t\t\t\t<button type=\"button\" data-toggle=\"collapse\" data-target=\"#accordion-2313\" aria-expanded=\"true\" class=\"collapsed\" aria-controls=\"accordion-2313\">\n\t\t\t\t\t<span class=\"accordion-icon accordion-icon-right\">\n\t\t\t\t\t\t\t\t\t\t\t\t\t<span class=\"elementor-accordion-icon-closed\"><i class=\"ti ti-arrow-right\"><\/i><\/span>\n\t\t\t\t\t\t\t<span class=\"elementor-accordion-icon-opened\"><i class=\"ti ti-close\"><\/i><\/span>\n\t\t\t\t\t\t\t\t\t\t\t<\/span>\n\t\t\t\t\t<span class=\"finix-accordion-title\">3. Quais benef\u00edcios a Gest\u00e3o de Carreira oferece?<\/span>\n\t\t\t\t\t<\/button>\n\t\t\t\t<\/h6>\n\t\t\t\t<\/div>\n\t\t\t\t\n\t\t\t\t\t\t\t\t<div id=\"accordion-2313\"  class=\"collapse \" aria-labelledby=\"heading-2313\" data-parent=\"#accordion231\">\n\t\t\t\t<div class=\"card-body\">\n\t\t\t\t\t<p>Ela promove clareza nos objetivos, desenvolvimento de compet\u00eancias, melhoria do clima organizacional e resultados mais sustent\u00e1veis.<\/p>\t\t\t\t<\/div>\n\t\t\t\t<\/div>\n\t\t\t\t\t\t\t<\/div>\n\t\t\t\t\t<\/div>\n\t\t\t\t\t\t<\/div>\n\t\t\t\t<\/div>\n\t\t\t\t\t<\/div>\n\t\t<\/div>\n\t\t\t\t\t<\/div>\n\t\t<\/section>\n\t\t\t\t<\/div>\n\t\t","protected":false},"excerpt":{"rendered":"<p>Quero Reservar um Hor\u00e1rio Agende sua sess\u00e3o e d\u00ea o primeiro passo para a mudan\u00e7a que voc\u00ea merece. +55 (71) 99323-2318 contato@anachagas.com.br Com especializa\u00e7\u00e3o em Gest\u00e3o de Pessoas e mais de 15 anos de experi\u00eancia em ambientes organizacionais, ofere\u00e7o solu\u00e7\u00f5es voltadas ao desenvolvimento humano. Atendo tanto empresas, que buscam promover o bem-estar e fortalecer o [&hellip;]<\/p>\n","protected":false},"author":1,"featured_media":6790,"parent":0,"menu_order":0,"comment_status":"closed","ping_status":"closed","template":"elementor_header_footer","meta":{"_acf_changed":false,"footnotes":""},"class_list":["post-6863","page","type-page","status-publish","has-post-thumbnail","hentry"],"acf":[],"_links":{"self":[{"href":"https:\/\/anachagas.com.br\/index.php?rest_route=\/wp\/v2\/pages\/6863","targetHints":{"allow":["GET"]}}],"collection":[{"href":"https:\/\/anachagas.com.br\/index.php?rest_route=\/wp\/v2\/pages"}],"about":[{"href":"https:\/\/anachagas.com.br\/index.php?rest_route=\/wp\/v2\/types\/page"}],"author":[{"embeddable":true,"href":"https:\/\/anachagas.com.br\/index.php?rest_route=\/wp\/v2\/users\/1"}],"replies":[{"embeddable":true,"href":"https:\/\/anachagas.com.br\/index.php?rest_route=%2Fwp%2Fv2%2Fcomments&post=6863"}],"version-history":[{"count":8,"href":"https:\/\/anachagas.com.br\/index.php?rest_route=\/wp\/v2\/pages\/6863\/revisions"}],"predecessor-version":[{"id":6976,"href":"https:\/\/anachagas.com.br\/index.php?rest_route=\/wp\/v2\/pages\/6863\/revisions\/6976"}],"wp:featuredmedia":[{"embeddable":true,"href":"https:\/\/anachagas.com.br\/index.php?rest_route=\/wp\/v2\/media\/6790"}],"wp:attachment":[{"href":"https:\/\/anachagas.com.br\/index.php?rest_route=%2Fwp%2Fv2%2Fmedia&parent=6863"}],"curies":[{"name":"wp","href":"https:\/\/api.w.org\/{rel}","templated":true}]}}