{"id":6852,"date":"2025-09-09T07:37:42","date_gmt":"2025-09-09T10:37:42","guid":{"rendered":"https:\/\/anachagas.com.br\/?page_id=6852"},"modified":"2025-09-25T23:55:02","modified_gmt":"2025-09-26T02:55:02","slug":"tdha","status":"publish","type":"page","link":"https:\/\/anachagas.com.br\/?page_id=6852","title":{"rendered":"TDHA"},"content":{"rendered":"\t\t<div data-elementor-type=\"wp-page\" data-elementor-id=\"6852\" class=\"elementor elementor-6852\">\n\t\t\t\t\t\t<section class=\"elementor-section elementor-top-section elementor-element elementor-element-ae9a80a elementor-reverse-tablet elementor-reverse-mobile elementor-section-boxed elementor-section-height-default elementor-section-height-default\" data-id=\"ae9a80a\" data-element_type=\"section\">\n\t\t\t\t\t\t<div class=\"elementor-container elementor-column-gap-default\">\n\t\t\t\t\t<div class=\"elementor-column elementor-col-33 elementor-top-column elementor-element elementor-element-1f42408 sticky-top\" data-id=\"1f42408\" data-element_type=\"column\">\n\t\t\t<div class=\"elementor-widget-wrap elementor-element-populated\">\n\t\t\t\t\t\t<section class=\"elementor-section elementor-inner-section elementor-element elementor-element-479ab4d elementor-section-boxed elementor-section-height-default elementor-section-height-default\" data-id=\"479ab4d\" data-element_type=\"section\">\n\t\t\t\t\t\t<div class=\"elementor-container elementor-column-gap-default\">\n\t\t\t\t\t<div class=\"elementor-column elementor-col-100 elementor-inner-column elementor-element elementor-element-6118b82\" data-id=\"6118b82\" data-element_type=\"column\" data-settings=\"{&quot;background_background&quot;:&quot;classic&quot;}\">\n\t\t\t<div class=\"elementor-widget-wrap elementor-element-populated\">\n\t\t\t\t\t<div class=\"elementor-background-overlay\"><\/div>\n\t\t\t\t\t\t<div class=\"elementor-element elementor-element-a090750 elementor-widget elementor-widget-info_box\" data-id=\"a090750\" data-element_type=\"widget\" data-widget_type=\"info_box.default\">\n\t\t\t\t<div class=\"elementor-widget-container\">\n\t\t\t\t\t\t\t<div class=\"feature-box style-default icon-top \">\n\t\t\t\t\t\t<div class=\"feature-icon\"><i aria-hidden=\"true\" class=\"ti ti-headphone-alt\"><\/i><\/div>\n\t\t\t            <div class=\"feature-info\">\n\t\t\t\t              \t\t<h4 class=\"title\">Quero Reservar um Hor\u00e1rio<\/h4>\n\t\t\t\t              \t\t<p>Agende sua sess\u00e3o e d\u00ea o primeiro passo para a mudan\u00e7a que voc\u00ea merece.<\/p>\n\t\t\t\t\t\t\t\t            <\/div>\n        <\/div>\n\t\t\t\t\t\t<\/div>\n\t\t\t\t<\/div>\n\t\t\t\t<div class=\"elementor-element elementor-element-9895b4b elementor-widget elementor-widget-info_box\" data-id=\"9895b4b\" data-element_type=\"widget\" data-widget_type=\"info_box.default\">\n\t\t\t\t<div class=\"elementor-widget-container\">\n\t\t\t\t\t\t\t<div class=\"feature-box style-default icon-left \">\n\t\t\t\t\t\t<div class=\"feature-icon\"><i aria-hidden=\"true\" class=\"ion ion-android-call\"><\/i><\/div>\n\t\t\t            <div class=\"feature-info\">\n\t\t\t\t              \t\t<h6 class=\"title\">+55 (71) 99323-2318<\/h6>\n\t\t\t\t\t\t\t\t            <\/div>\n        <\/div>\n\t\t\t\t\t\t<\/div>\n\t\t\t\t<\/div>\n\t\t\t\t<div class=\"elementor-element elementor-element-08bd7e6 elementor-widget elementor-widget-info_box\" data-id=\"08bd7e6\" data-element_type=\"widget\" data-widget_type=\"info_box.default\">\n\t\t\t\t<div class=\"elementor-widget-container\">\n\t\t\t\t\t\t\t<div class=\"feature-box style-default icon-left \">\n\t\t\t\t\t\t<div class=\"feature-icon\"><i aria-hidden=\"true\" class=\"ti ti-email\"><\/i><\/div>\n\t\t\t            <div class=\"feature-info\">\n\t\t\t\t              \t\t<h6 class=\"title\">contato@anachagas.com.br<\/h6>\n\t\t\t\t\t\t\t\t            <\/div>\n        <\/div>\n\t\t\t\t\t\t<\/div>\n\t\t\t\t<\/div>\n\t\t\t\t\t<\/div>\n\t\t<\/div>\n\t\t\t\t\t<\/div>\n\t\t<\/section>\n\t\t\t\t\t<\/div>\n\t\t<\/div>\n\t\t\t\t<div class=\"elementor-column elementor-col-66 elementor-top-column elementor-element elementor-element-70f941c\" data-id=\"70f941c\" data-element_type=\"column\">\n\t\t\t<div class=\"elementor-widget-wrap elementor-element-populated\">\n\t\t\t\t\t\t<div class=\"elementor-element elementor-element-f36e17c elementor-widget elementor-widget-image_gallery\" data-id=\"f36e17c\" data-element_type=\"widget\" data-widget_type=\"image_gallery.default\">\n\t\t\t\t<div class=\"elementor-widget-container\">\n\t\t\t\t\t\t\t<div class=\"gallery-item-main arrow-style2\">\n\t\t\t\t<div class=\"swiper-container\" data-items=\"1\" data-lg-items=\"1\" data-md-items=\"1\" data-sm-items=\"1\" data-xs-items=\"1\" data-space=\"15\" data-arrow=\"true\" data-bullets=\"false\" data-autoplay=\"false\" data-loop=\"true\" data-centered=\"false\">\n\t\t\t<div class=\"swiper-wrapper\">\n\t\t\t\t\t\t\t\t<div class=\"swiper-slide\">\n\t\t\t\t\t<div class=\"gallery-item\">\n\t\t\t\t\t\t<a class=\"popup-img\" href=\"https:\/\/anachagas.com.br\/wp-content\/uploads\/2025\/08\/3.png\">\n\t\t\t\t\t\t\t<img decoding=\"async\" src=\"https:\/\/anachagas.com.br\/wp-content\/uploads\/2025\/08\/3.png\" class=\"img-fluid\" alt=\"\" \/>\n\t\t\t\t\t\t<\/a>\n\t\t\t\t\t<\/div>\n\t\t\t\t<\/div>\n\t\t\t\t\t\t\t<\/div>\n\n\t\t\t<div class=\"swiper-pagination\"><\/div>\n\t\t\t<div class=\"swiper-button-next\"><i class=\"fas fa-chevron-right\"><\/i><\/div>\n\t\t\t<div class=\"swiper-button-prev\"><i class=\"fas fa-chevron-left\"><\/i><\/div>\n\n\t\t<\/div>\n\t\t\t\t\t<\/div>\n\t\t\t\t\t\t<\/div>\n\t\t\t\t<\/div>\n\t\t\t\t<div class=\"elementor-element elementor-element-8b4c181 elementor-widget elementor-widget-text-editor\" data-id=\"8b4c181\" data-element_type=\"widget\" data-widget_type=\"text-editor.default\">\n\t\t\t\t\t\t\t\t\t<p>O Transtorno de D\u00e9ficit de Aten\u00e7\u00e3o e Hiperatividade (TDAH) \u00e9 um tipo de transtorno do neurodesenvolvimento que se caracteriza por sintomas como dificuldade de concentra\u00e7\u00e3o, desorganiza\u00e7\u00e3o, impulsividade, hiperatividade (f\u00edsica ou mental), irritabilidade e\/ou dificuldade em lidar com a frustra\u00e7\u00e3o. Esses sintomas podem impactar significativamente diversas \u00e1reas da vida da pessoa com TDAH, tais como desempenho acad\u00eamico e profissional, relacionamentos e bem-estar geral, gerando desafios di\u00e1rios que podem ser exaustivos e prejudicar a qualidade de vida.<\/p>\t\t\t\t\t\t\t\t<\/div>\n\t\t\t\t<section class=\"elementor-section elementor-inner-section elementor-element elementor-element-4c1c453 elementor-section-boxed elementor-section-height-default elementor-section-height-default\" data-id=\"4c1c453\" data-element_type=\"section\">\n\t\t\t\t\t\t<div class=\"elementor-container elementor-column-gap-default\">\n\t\t\t\t\t<div class=\"elementor-column elementor-col-50 elementor-inner-column elementor-element elementor-element-43a1024\" data-id=\"43a1024\" data-element_type=\"column\">\n\t\t\t<div class=\"elementor-widget-wrap elementor-element-populated\">\n\t\t\t\t\t\t<div class=\"elementor-element elementor-element-fa6895e elementor-widget elementor-widget-info_box\" data-id=\"fa6895e\" data-element_type=\"widget\" data-widget_type=\"info_box.default\">\n\t\t\t\t<div class=\"elementor-widget-container\">\n\t\t\t\t\t\t\t<div class=\"feature-box style-default icon-left  shadow-enable border-hover\">\n\t\t\t\t\t\t<div class=\"feature-icon\"><i aria-hidden=\"true\" class=\"glyph-icon flaticon-human-resources\"><\/i><\/div>\n\t\t\t            <div class=\"feature-info\">\n\t\t\t\t              \t\t<h6 class=\"title\">Psicoterapia<\/h6>\n\t\t\t\t              \t\t<p>A Terapia Cognitivo-Comportamental \u00e9 eficaz no manejo de sintomas do TDAH e ajuda a desenvolver estrat\u00e9gias para lidar com desafios relacionados a concentra\u00e7\u00e3o, organiza\u00e7\u00e3o, regula\u00e7\u00e3o emocional e resolu\u00e7\u00e3o de problemas do dia a dia.<\/p>\n\t\t\t\t\t\t\t\t            <\/div>\n        <\/div>\n\t\t\t\t\t\t<\/div>\n\t\t\t\t<\/div>\n\t\t\t\t<div class=\"elementor-element elementor-element-cde66ee elementor-widget elementor-widget-info_box\" data-id=\"cde66ee\" data-element_type=\"widget\" data-widget_type=\"info_box.default\">\n\t\t\t\t<div class=\"elementor-widget-container\">\n\t\t\t\t\t\t\t<div class=\"feature-box style-default icon-left  shadow-enable border-hover\">\n\t\t\t\t\t\t<div class=\"feature-icon\"><i aria-hidden=\"true\" class=\"glyph-icon flaticon-human-resources\"><\/i><\/div>\n\t\t\t            <div class=\"feature-info\">\n\t\t\t\t              \t\t<h6 class=\"title\">Organiza\u00e7\u00e3o e Planejamento<\/h6>\n\t\t\t\t              \t\t<p>A terapia desenvolve rotinas e m\u00e9todos de gest\u00e3o de tempo. Com agendas, aplicativos e t\u00e9cnicas de prioriza\u00e7\u00e3o, criamos sistemas que reduzem sobrecarga e aumentam efici\u00eancia no cotidiano.<\/p>\n\t\t\t\t\t\t\t\t            <\/div>\n        <\/div>\n\t\t\t\t\t\t<\/div>\n\t\t\t\t<\/div>\n\t\t\t\t\t<\/div>\n\t\t<\/div>\n\t\t\t\t<div class=\"elementor-column elementor-col-50 elementor-inner-column elementor-element elementor-element-38ae201\" data-id=\"38ae201\" data-element_type=\"column\">\n\t\t\t<div class=\"elementor-widget-wrap elementor-element-populated\">\n\t\t\t\t\t\t<div class=\"elementor-element elementor-element-e019c22 elementor-widget elementor-widget-info_box\" data-id=\"e019c22\" data-element_type=\"widget\" data-widget_type=\"info_box.default\">\n\t\t\t\t<div class=\"elementor-widget-container\">\n\t\t\t\t\t\t\t<div class=\"feature-box style-default icon-left  shadow-enable border-hover mobile-icon-left\">\n\t\t\t\t\t\t<div class=\"feature-icon\"><i aria-hidden=\"true\" class=\"glyph-icon flaticon-human-resources\"><\/i><\/div>\n\t\t\t            <div class=\"feature-info\">\n\t\t\t\t              \t\t<h6 class=\"title\">Aten\u00e7\u00e3o e Organiza\u00e7\u00e3o<\/h6>\n\t\t\t\t              \t\t<p>Durante o processo terap\u00eautico s\u00e3o aplicadas t\u00e9cnicas para ajudar a manter o foco, reduzir distra\u00e7\u00f5es e criar rotinas e m\u00e9todos de gest\u00e3o de tempo.  O uso de listas, alarmes e ambientes organizados promove maior produtividade e efic\u00e1cia di\u00e1ria. <\/p>\n\t\t\t\t\t\t\t\t            <\/div>\n        <\/div>\n\t\t\t\t\t\t<\/div>\n\t\t\t\t<\/div>\n\t\t\t\t<div class=\"elementor-element elementor-element-7a72d54 elementor-widget elementor-widget-info_box\" data-id=\"7a72d54\" data-element_type=\"widget\" data-widget_type=\"info_box.default\">\n\t\t\t\t<div class=\"elementor-widget-container\">\n\t\t\t\t\t\t\t<div class=\"feature-box style-default icon-left  shadow-enable border-hover mobile-icon-left\">\n\t\t\t\t\t\t<div class=\"feature-icon\"><i aria-hidden=\"true\" class=\"glyph-icon flaticon-human-resources\"><\/i><\/div>\n\t\t\t            <div class=\"feature-info\">\n\t\t\t\t              \t\t<h6 class=\"title\">Regula\u00e7\u00e3o Emocional e Habilidades<\/h6>\n\t\t\t\t              \t\t<p>S\u00e3o ensinadas estrat\u00e9gias para lidar com irritabilidade, impulsividade e frustra\u00e7\u00e3o. T\u00e9cnicas de mindfulness e comunica\u00e7\u00e3o assertiva ajudam a fortalecer v\u00ednculos e promover equil\u00edbrio emocional.<\/p>\n\t\t\t\t\t\t\t\t            <\/div>\n        <\/div>\n\t\t\t\t\t\t<\/div>\n\t\t\t\t<\/div>\n\t\t\t\t\t<\/div>\n\t\t<\/div>\n\t\t\t\t\t<\/div>\n\t\t<\/section>\n\t\t\t\t<section class=\"elementor-section elementor-inner-section elementor-element elementor-element-2a0db27 elementor-section-boxed elementor-section-height-default elementor-section-height-default\" data-id=\"2a0db27\" data-element_type=\"section\">\n\t\t\t\t\t\t<div class=\"elementor-container elementor-column-gap-default\">\n\t\t\t\t\t<div class=\"elementor-column elementor-col-50 elementor-inner-column elementor-element elementor-element-d5aa35c\" data-id=\"d5aa35c\" data-element_type=\"column\">\n\t\t\t<div class=\"elementor-widget-wrap elementor-element-populated\">\n\t\t\t\t\t\t<div class=\"elementor-element elementor-element-210adfb elementor-widget elementor-widget-info_box\" data-id=\"210adfb\" data-element_type=\"widget\" data-widget_type=\"info_box.default\">\n\t\t\t\t<div class=\"elementor-widget-container\">\n\t\t\t\t\t\t\t<div class=\"feature-box style-default icon-left  shadow-enable border-hover\">\n\t\t\t\t\t\t<div class=\"feature-icon\"><i aria-hidden=\"true\" class=\"glyph-icon flaticon-human-resources\"><\/i><\/div>\n\t\t\t            <div class=\"feature-info\">\n\t\t\t\t              \t\t<h6 class=\"title\">Autoconhecimento e Crescimento<\/h6>\n\t\t\t\t              \t\t<p>Aprender a reconhecer padr\u00f5es de comportamento e gatilhos, vai ajudar a desenvolver respostas mais adaptativas, al\u00e9m de fortalecer a autonomia, promover equil\u00edbrio e possibilitar uma vida mais plena.<\/p>\n\t\t\t\t\t\t\t\t            <\/div>\n        <\/div>\n\t\t\t\t\t\t<\/div>\n\t\t\t\t<\/div>\n\t\t\t\t\t<\/div>\n\t\t<\/div>\n\t\t\t\t<div class=\"elementor-column elementor-col-50 elementor-inner-column elementor-element elementor-element-2064d6f\" data-id=\"2064d6f\" data-element_type=\"column\">\n\t\t\t<div class=\"elementor-widget-wrap\">\n\t\t\t\t\t\t\t<\/div>\n\t\t<\/div>\n\t\t\t\t\t<\/div>\n\t\t<\/section>\n\t\t\t\t<div class=\"elementor-element elementor-element-dd34bc8 elementor-widget elementor-widget-text-editor\" data-id=\"dd34bc8\" data-element_type=\"widget\" data-widget_type=\"text-editor.default\">\n\t\t\t\t\t\t\t\t\t<p>Com o suporte terap\u00eautico adequado, \u00e9 poss\u00edvel desenvolver habilidades pr\u00e1ticas para lidar com os desafios do TDAH,o que inclui estrat\u00e9gias de resolu\u00e7\u00e3o de problemas, treinamento de habilidades sociais, organiza\u00e7\u00e3o da rotina e estrat\u00e9gias de regula\u00e7\u00e3o emocional. A psicoterapia oferece um caminho para superar as dificuldades, alcan\u00e7ando o seu pleno potencial e vivendo com mais prop\u00f3sito e bem-estar.<\/p>\t\t\t\t\t\t\t\t<\/div>\n\t\t\t\t<div class=\"elementor-element elementor-element-dd21da5 elementor-widget elementor-widget-finix_accordion\" data-id=\"dd21da5\" data-element_type=\"widget\" data-widget_type=\"finix_accordion.default\">\n\t\t\t\t<div class=\"elementor-widget-container\">\n\t\t\t\t\t\t\t<div class=\"accordion accordion-2 icon-flat\" id=\"accordion231\">\n\t\t\t\t\t\t<div class=\"card\">\n\t\t\t\t<div class=\"card-header\" id=\"heading-2311\">\n\t\t\t\t<h6 class=\"accordion-title\">\n\t\t\t\t\t<button type=\"button\" data-toggle=\"collapse\" data-target=\"#accordion-2311\" aria-expanded=\"true\" class=\"\" aria-controls=\"accordion-2311\">\n\t\t\t\t\t<span class=\"accordion-icon accordion-icon-right\">\n\t\t\t\t\t\t\t\t\t\t\t\t\t<span class=\"elementor-accordion-icon-closed\"><i class=\"ti ti-arrow-right\"><\/i><\/span>\n\t\t\t\t\t\t\t<span class=\"elementor-accordion-icon-opened\"><i class=\"ti ti-close\"><\/i><\/span>\n\t\t\t\t\t\t\t\t\t\t\t<\/span>\n\t\t\t\t\t<span class=\"finix-accordion-title\">1. O que \u00e9 exatamente o TDAH?<\/span>\n\t\t\t\t\t<\/button>\n\t\t\t\t<\/h6>\n\t\t\t\t<\/div>\n\t\t\t\t\n\t\t\t\t\t\t\t\t<div id=\"accordion-2311\"  class=\"collapse show\" aria-labelledby=\"heading-2311\" data-parent=\"#accordion231\">\n\t\t\t\t<div class=\"card-body\">\n\t\t\t\t\t<p>\u00c9 um transtorno do neurodesenvolvimento no qual h\u00e1 preju\u00edzos relacionados \u00e0 desaten\u00e7\u00e3o, desregula\u00e7\u00e3o emocional, impulsividade e hiperatividade. Pode impactar estudos, trabalho, relacionamentos e a qualidade de vida.<\/p>\t\t\t\t<\/div>\n\t\t\t\t<\/div>\n\t\t\t\t\t\t\t<\/div>\n\t\t\t\t\t\t<div class=\"card\">\n\t\t\t\t<div class=\"card-header\" id=\"heading-2312\">\n\t\t\t\t<h6 class=\"accordion-title\">\n\t\t\t\t\t<button type=\"button\" data-toggle=\"collapse\" data-target=\"#accordion-2312\" aria-expanded=\"true\" class=\"collapsed\" aria-controls=\"accordion-2312\">\n\t\t\t\t\t<span class=\"accordion-icon accordion-icon-right\">\n\t\t\t\t\t\t\t\t\t\t\t\t\t<span class=\"elementor-accordion-icon-closed\"><i class=\"ti ti-arrow-right\"><\/i><\/span>\n\t\t\t\t\t\t\t<span class=\"elementor-accordion-icon-opened\"><i class=\"ti ti-close\"><\/i><\/span>\n\t\t\t\t\t\t\t\t\t\t\t<\/span>\n\t\t\t\t\t<span class=\"finix-accordion-title\">2. Como a Terapia ajuda no tratamento do TDAH?<\/span>\n\t\t\t\t\t<\/button>\n\t\t\t\t<\/h6>\n\t\t\t\t<\/div>\n\t\t\t\t\n\t\t\t\t\t\t\t\t<div id=\"accordion-2312\"  class=\"collapse \" aria-labelledby=\"heading-2312\" data-parent=\"#accordion231\">\n\t\t\t\t<div class=\"card-body\">\n\t\t\t\t\t<p>O foco da terapia cognitivo-comportamental est\u00e1 em desenvolver estrat\u00e9gias pr\u00e1ticas e de autorregula\u00e7\u00e3o para lidar com os sintomas, o que pode incluir estrat\u00e9gias de resolu\u00e7\u00e3o de problemas, treinamento de habilidades sociais, organiza\u00e7\u00e3o da rotina e estrat\u00e9gias de regula\u00e7\u00e3o emocional.<\/p>\t\t\t\t<\/div>\n\t\t\t\t<\/div>\n\t\t\t\t\t\t\t<\/div>\n\t\t\t\t\t\t<div class=\"card\">\n\t\t\t\t<div class=\"card-header\" id=\"heading-2313\">\n\t\t\t\t<h6 class=\"accordion-title\">\n\t\t\t\t\t<button type=\"button\" data-toggle=\"collapse\" data-target=\"#accordion-2313\" aria-expanded=\"true\" class=\"collapsed\" aria-controls=\"accordion-2313\">\n\t\t\t\t\t<span class=\"accordion-icon accordion-icon-right\">\n\t\t\t\t\t\t\t\t\t\t\t\t\t<span class=\"elementor-accordion-icon-closed\"><i class=\"ti ti-arrow-right\"><\/i><\/span>\n\t\t\t\t\t\t\t<span class=\"elementor-accordion-icon-opened\"><i class=\"ti ti-close\"><\/i><\/span>\n\t\t\t\t\t\t\t\t\t\t\t<\/span>\n\t\t\t\t\t<span class=\"finix-accordion-title\">3. O TDAH s\u00f3 afeta crian\u00e7as e adolescentes?<\/span>\n\t\t\t\t\t<\/button>\n\t\t\t\t<\/h6>\n\t\t\t\t<\/div>\n\t\t\t\t\n\t\t\t\t\t\t\t\t<div id=\"accordion-2313\"  class=\"collapse \" aria-labelledby=\"heading-2313\" data-parent=\"#accordion231\">\n\t\t\t\t<div class=\"card-body\">\n\t\t\t\t\t<p>N\u00e3o. Muitos adultos tamb\u00e9m convivem com o transtorno. A psicoterapia \u00e9 eficaz em todas as fases da vida, ajudando a desenvolver equil\u00edbrio e produtividade.<\/p>\t\t\t\t<\/div>\n\t\t\t\t<\/div>\n\t\t\t\t\t\t\t<\/div>\n\t\t\t\t\t<\/div>\n\t\t\t\t\t\t<\/div>\n\t\t\t\t<\/div>\n\t\t\t\t\t<\/div>\n\t\t<\/div>\n\t\t\t\t\t<\/div>\n\t\t<\/section>\n\t\t\t\t<\/div>\n\t\t","protected":false},"excerpt":{"rendered":"<p>Quero Reservar um Hor\u00e1rio Agende sua sess\u00e3o e d\u00ea o primeiro passo para a mudan\u00e7a que voc\u00ea merece. +55 (71) 99323-2318 contato@anachagas.com.br O Transtorno de D\u00e9ficit de Aten\u00e7\u00e3o e Hiperatividade (TDAH) \u00e9 um tipo de transtorno do neurodesenvolvimento que se caracteriza por sintomas como dificuldade de concentra\u00e7\u00e3o, desorganiza\u00e7\u00e3o, impulsividade, hiperatividade (f\u00edsica ou mental), irritabilidade e\/ou [&hellip;]<\/p>\n","protected":false},"author":1,"featured_media":6789,"parent":0,"menu_order":0,"comment_status":"closed","ping_status":"closed","template":"elementor_header_footer","meta":{"_acf_changed":false,"footnotes":""},"class_list":["post-6852","page","type-page","status-publish","has-post-thumbnail","hentry"],"acf":[],"_links":{"self":[{"href":"https:\/\/anachagas.com.br\/index.php?rest_route=\/wp\/v2\/pages\/6852","targetHints":{"allow":["GET"]}}],"collection":[{"href":"https:\/\/anachagas.com.br\/index.php?rest_route=\/wp\/v2\/pages"}],"about":[{"href":"https:\/\/anachagas.com.br\/index.php?rest_route=\/wp\/v2\/types\/page"}],"author":[{"embeddable":true,"href":"https:\/\/anachagas.com.br\/index.php?rest_route=\/wp\/v2\/users\/1"}],"replies":[{"embeddable":true,"href":"https:\/\/anachagas.com.br\/index.php?rest_route=%2Fwp%2Fv2%2Fcomments&post=6852"}],"version-history":[{"count":13,"href":"https:\/\/anachagas.com.br\/index.php?rest_route=\/wp\/v2\/pages\/6852\/revisions"}],"predecessor-version":[{"id":6964,"href":"https:\/\/anachagas.com.br\/index.php?rest_route=\/wp\/v2\/pages\/6852\/revisions\/6964"}],"wp:featuredmedia":[{"embeddable":true,"href":"https:\/\/anachagas.com.br\/index.php?rest_route=\/wp\/v2\/media\/6789"}],"wp:attachment":[{"href":"https:\/\/anachagas.com.br\/index.php?rest_route=%2Fwp%2Fv2%2Fmedia&parent=6852"}],"curies":[{"name":"wp","href":"https:\/\/api.w.org\/{rel}","templated":true}]}}