{"id":6843,"date":"2025-09-09T07:05:17","date_gmt":"2025-09-09T10:05:17","guid":{"rendered":"https:\/\/anachagas.com.br\/?page_id=6843"},"modified":"2025-11-04T20:31:54","modified_gmt":"2025-11-04T23:31:54","slug":"sexualidade-e-relacionamento","status":"publish","type":"page","link":"https:\/\/anachagas.com.br\/?page_id=6843","title":{"rendered":"Sexualidade e Relacionamento"},"content":{"rendered":"\t\t<div data-elementor-type=\"wp-page\" data-elementor-id=\"6843\" class=\"elementor elementor-6843\">\n\t\t\t\t\t\t<section class=\"elementor-section elementor-top-section elementor-element elementor-element-ae9a80a elementor-reverse-tablet elementor-reverse-mobile elementor-section-boxed elementor-section-height-default elementor-section-height-default\" data-id=\"ae9a80a\" data-element_type=\"section\">\n\t\t\t\t\t\t<div class=\"elementor-container elementor-column-gap-default\">\n\t\t\t\t\t<div class=\"elementor-column elementor-col-33 elementor-top-column elementor-element elementor-element-1f42408 sticky-top\" data-id=\"1f42408\" data-element_type=\"column\">\n\t\t\t<div class=\"elementor-widget-wrap elementor-element-populated\">\n\t\t\t\t\t\t<section class=\"elementor-section elementor-inner-section elementor-element elementor-element-479ab4d elementor-section-boxed elementor-section-height-default elementor-section-height-default\" data-id=\"479ab4d\" data-element_type=\"section\">\n\t\t\t\t\t\t<div class=\"elementor-container elementor-column-gap-default\">\n\t\t\t\t\t<div class=\"elementor-column elementor-col-100 elementor-inner-column elementor-element elementor-element-6118b82\" data-id=\"6118b82\" data-element_type=\"column\" data-settings=\"{&quot;background_background&quot;:&quot;classic&quot;}\">\n\t\t\t<div class=\"elementor-widget-wrap elementor-element-populated\">\n\t\t\t\t\t<div class=\"elementor-background-overlay\"><\/div>\n\t\t\t\t\t\t<div class=\"elementor-element elementor-element-a090750 elementor-widget elementor-widget-info_box\" data-id=\"a090750\" data-element_type=\"widget\" data-widget_type=\"info_box.default\">\n\t\t\t\t<div class=\"elementor-widget-container\">\n\t\t\t\t\t\t\t<div class=\"feature-box style-default icon-top \">\n\t\t\t\t\t\t<div class=\"feature-icon\"><i aria-hidden=\"true\" class=\"ti ti-headphone-alt\"><\/i><\/div>\n\t\t\t            <div class=\"feature-info\">\n\t\t\t\t              \t\t<h4 class=\"title\">Quero Reservar um Hor\u00e1rio<\/h4>\n\t\t\t\t              \t\t<p>Agende sua sess\u00e3o e d\u00ea o primeiro passo para a mudan\u00e7a que voc\u00ea merece.<\/p>\n\t\t\t\t\t\t\t\t            <\/div>\n        <\/div>\n\t\t\t\t\t\t<\/div>\n\t\t\t\t<\/div>\n\t\t\t\t<div class=\"elementor-element elementor-element-9895b4b elementor-widget elementor-widget-info_box\" data-id=\"9895b4b\" data-element_type=\"widget\" data-widget_type=\"info_box.default\">\n\t\t\t\t<div class=\"elementor-widget-container\">\n\t\t\t\t\t\t\t<div class=\"feature-box style-default icon-left \">\n\t\t\t\t\t\t<div class=\"feature-icon\"><i aria-hidden=\"true\" class=\"ion ion-android-call\"><\/i><\/div>\n\t\t\t            <div class=\"feature-info\">\n\t\t\t\t              \t\t<h6 class=\"title\">+55 (71) 99323-2318<\/h6>\n\t\t\t\t\t\t\t\t            <\/div>\n        <\/div>\n\t\t\t\t\t\t<\/div>\n\t\t\t\t<\/div>\n\t\t\t\t<div class=\"elementor-element elementor-element-08bd7e6 elementor-widget elementor-widget-info_box\" data-id=\"08bd7e6\" data-element_type=\"widget\" data-widget_type=\"info_box.default\">\n\t\t\t\t<div class=\"elementor-widget-container\">\n\t\t\t\t\t\t\t<div class=\"feature-box style-default icon-left \">\n\t\t\t\t\t\t<div class=\"feature-icon\"><i aria-hidden=\"true\" class=\"ti ti-email\"><\/i><\/div>\n\t\t\t            <div class=\"feature-info\">\n\t\t\t\t              \t\t<h6 class=\"title\">contato@anachagas.com.br<\/h6>\n\t\t\t\t\t\t\t\t            <\/div>\n        <\/div>\n\t\t\t\t\t\t<\/div>\n\t\t\t\t<\/div>\n\t\t\t\t\t<\/div>\n\t\t<\/div>\n\t\t\t\t\t<\/div>\n\t\t<\/section>\n\t\t\t\t\t<\/div>\n\t\t<\/div>\n\t\t\t\t<div class=\"elementor-column elementor-col-66 elementor-top-column elementor-element elementor-element-70f941c\" data-id=\"70f941c\" data-element_type=\"column\">\n\t\t\t<div class=\"elementor-widget-wrap elementor-element-populated\">\n\t\t\t\t\t\t<div class=\"elementor-element elementor-element-f36e17c elementor-widget elementor-widget-image_gallery\" data-id=\"f36e17c\" data-element_type=\"widget\" data-widget_type=\"image_gallery.default\">\n\t\t\t\t<div class=\"elementor-widget-container\">\n\t\t\t\t\t\t\t<div class=\"gallery-item-main arrow-style2\">\n\t\t\t\t<div class=\"swiper-container\" data-items=\"1\" data-lg-items=\"1\" data-md-items=\"1\" data-sm-items=\"1\" data-xs-items=\"1\" data-space=\"15\" data-arrow=\"true\" data-bullets=\"false\" data-autoplay=\"false\" data-loop=\"true\" data-centered=\"false\">\n\t\t\t<div class=\"swiper-wrapper\">\n\t\t\t\t\t\t\t\t<div class=\"swiper-slide\">\n\t\t\t\t\t<div class=\"gallery-item\">\n\t\t\t\t\t\t<a class=\"popup-img\" href=\"https:\/\/anachagas.com.br\/wp-content\/uploads\/2025\/08\/2-3.png\">\n\t\t\t\t\t\t\t<img decoding=\"async\" src=\"https:\/\/anachagas.com.br\/wp-content\/uploads\/2025\/08\/2-3.png\" class=\"img-fluid\" alt=\"\" \/>\n\t\t\t\t\t\t<\/a>\n\t\t\t\t\t<\/div>\n\t\t\t\t<\/div>\n\t\t\t\t\t\t\t<\/div>\n\n\t\t\t<div class=\"swiper-pagination\"><\/div>\n\t\t\t<div class=\"swiper-button-next\"><i class=\"fas fa-chevron-right\"><\/i><\/div>\n\t\t\t<div class=\"swiper-button-prev\"><i class=\"fas fa-chevron-left\"><\/i><\/div>\n\n\t\t<\/div>\n\t\t\t\t\t<\/div>\n\t\t\t\t\t\t<\/div>\n\t\t\t\t<\/div>\n\t\t\t\t<div class=\"elementor-element elementor-element-8b4c181 elementor-widget elementor-widget-text-editor\" data-id=\"8b4c181\" data-element_type=\"widget\" data-widget_type=\"text-editor.default\">\n\t\t\t\t\t\t\t\t\t<p>Viver a sexualidade de forma saud\u00e1vel e satisfat\u00f3ria \u00e9 fundamental para o bem-estar mental e emocional, influenciando diretamente a forma como nos relacionamos conosco e com os outros. Atrav\u00e9s da Terapia Cognitiva Sexual, ofere\u00e7o um espa\u00e7o seguro e acolhedor para indiv\u00edduos e casais explorarem e lidarem com quest\u00f5es complexas relacionadas \u00e0 sexualidade, intimidade e relacionamentos.\u00a0 A terapia sexual n\u00e3o se limita apenas a problemas, mas tamb\u00e9m busca aprimorar a conex\u00e3o, o prazer e a compreens\u00e3o m\u00fatua, permitindo que cada um se sinta mais \u00e0 vontade com sua pr\u00f3pria sexualidade e com a do parceiro.<\/p>\t\t\t\t\t\t\t\t<\/div>\n\t\t\t\t<section class=\"elementor-section elementor-inner-section elementor-element elementor-element-4c1c453 elementor-section-boxed elementor-section-height-default elementor-section-height-default\" data-id=\"4c1c453\" data-element_type=\"section\">\n\t\t\t\t\t\t<div class=\"elementor-container elementor-column-gap-default\">\n\t\t\t\t\t<div class=\"elementor-column elementor-col-50 elementor-inner-column elementor-element elementor-element-43a1024\" data-id=\"43a1024\" data-element_type=\"column\">\n\t\t\t<div class=\"elementor-widget-wrap elementor-element-populated\">\n\t\t\t\t\t\t<div class=\"elementor-element elementor-element-fa6895e elementor-widget elementor-widget-info_box\" data-id=\"fa6895e\" data-element_type=\"widget\" data-widget_type=\"info_box.default\">\n\t\t\t\t<div class=\"elementor-widget-container\">\n\t\t\t\t\t\t\t<div class=\"feature-box style-default icon-left  shadow-enable border-hover\">\n\t\t\t\t\t\t<div class=\"feature-icon\"><i aria-hidden=\"true\" class=\"glyph-icon flaticon-human-resources\"><\/i><\/div>\n\t\t\t            <div class=\"feature-info\">\n\t\t\t\t              \t\t<h6 class=\"title\">Disfun\u00e7\u00f5es Sexuais<\/h6>\n\t\t\t\t              \t\t<p>Queixas sexuais relacionadas a disfun\u00e7\u00e3o er\u00e9til, baixa libido ou dor podem ser trabalhadas em terapia. No processo terap\u00eautico vamos abordar pensamentos, cren\u00e7as e emo\u00e7\u00f5es que afetam a sua sexualidade, superando os tabus e restaurando o prazer e a autoconfian\u00e7a.<\/p>\n\t\t\t\t\t\t\t\t            <\/div>\n        <\/div>\n\t\t\t\t\t\t<\/div>\n\t\t\t\t<\/div>\n\t\t\t\t<div class=\"elementor-element elementor-element-cde66ee elementor-widget elementor-widget-info_box\" data-id=\"cde66ee\" data-element_type=\"widget\" data-widget_type=\"info_box.default\">\n\t\t\t\t<div class=\"elementor-widget-container\">\n\t\t\t\t\t\t\t<div class=\"feature-box style-default icon-left  shadow-enable border-hover\">\n\t\t\t\t\t\t<div class=\"feature-icon\"><i aria-hidden=\"true\" class=\"glyph-icon flaticon-human-resources\"><\/i><\/div>\n\t\t\t            <div class=\"feature-info\">\n\t\t\t\t              \t\t<h6 class=\"title\">Dificuldade de Comunica\u00e7\u00e3o<\/h6>\n\t\t\t\t              \t\t<p>Expressar sentimentos e limites \u00e9 essencial em qualquer rela\u00e7\u00e3o. A terapia desenvolve comunica\u00e7\u00e3o assertiva, clareza e respeito, permitindo v\u00ednculos mais abertos, aut\u00eanticos e equilibrados.<\/p>\n\t\t\t\t\t\t\t\t            <\/div>\n        <\/div>\n\t\t\t\t\t\t<\/div>\n\t\t\t\t<\/div>\n\t\t\t\t\t<\/div>\n\t\t<\/div>\n\t\t\t\t<div class=\"elementor-column elementor-col-50 elementor-inner-column elementor-element elementor-element-38ae201\" data-id=\"38ae201\" data-element_type=\"column\">\n\t\t\t<div class=\"elementor-widget-wrap elementor-element-populated\">\n\t\t\t\t\t\t<div class=\"elementor-element elementor-element-e019c22 elementor-widget elementor-widget-info_box\" data-id=\"e019c22\" data-element_type=\"widget\" data-widget_type=\"info_box.default\">\n\t\t\t\t<div class=\"elementor-widget-container\">\n\t\t\t\t\t\t\t<div class=\"feature-box style-default icon-left  shadow-enable border-hover mobile-icon-left\">\n\t\t\t\t\t\t<div class=\"feature-icon\"><i aria-hidden=\"true\" class=\"glyph-icon flaticon-human-resources\"><\/i><\/div>\n\t\t\t            <div class=\"feature-info\">\n\t\t\t\t              \t\t<h6 class=\"title\">Problemas Relacionais<\/h6>\n\t\t\t\t              \t\t<p>Conflitos e falta de confian\u00e7a e intimidade podem prejudicar v\u00ednculos. A terapia ajuda a melhorar a comunica\u00e7\u00e3o, fortalecer la\u00e7os e desenvolver intera\u00e7\u00f5es mais saud\u00e1veis e satisfat\u00f3rias.<\/p>\n\t\t\t\t\t\t\t\t            <\/div>\n        <\/div>\n\t\t\t\t\t\t<\/div>\n\t\t\t\t<\/div>\n\t\t\t\t<div class=\"elementor-element elementor-element-7a72d54 elementor-widget elementor-widget-info_box\" data-id=\"7a72d54\" data-element_type=\"widget\" data-widget_type=\"info_box.default\">\n\t\t\t\t<div class=\"elementor-widget-container\">\n\t\t\t\t\t\t\t<div class=\"feature-box style-default icon-left  shadow-enable border-hover mobile-icon-left\">\n\t\t\t\t\t\t<div class=\"feature-icon\"><i aria-hidden=\"true\" class=\"glyph-icon flaticon-human-resources\"><\/i><\/div>\n\t\t\t            <div class=\"feature-info\">\n\t\t\t\t              \t\t<h6 class=\"title\">Autoestima e Imagem Corporal<\/h6>\n\t\t\t\t              \t\t<p>A forma como nos vemos influencia nossa intimidade e bem-estar. A terapia fortalece autoestima e aceita\u00e7\u00e3o, promovendo uma imagem corporal mais positiva e rela\u00e7\u00f5es mais saud\u00e1veis e plenas.<\/p>\n\t\t\t\t\t\t\t\t            <\/div>\n        <\/div>\n\t\t\t\t\t\t<\/div>\n\t\t\t\t<\/div>\n\t\t\t\t\t<\/div>\n\t\t<\/div>\n\t\t\t\t\t<\/div>\n\t\t<\/section>\n\t\t\t\t<section class=\"elementor-section elementor-inner-section elementor-element elementor-element-2a0db27 elementor-section-boxed elementor-section-height-default elementor-section-height-default\" data-id=\"2a0db27\" data-element_type=\"section\">\n\t\t\t\t\t\t<div class=\"elementor-container elementor-column-gap-default\">\n\t\t\t\t\t<div class=\"elementor-column elementor-col-50 elementor-inner-column elementor-element elementor-element-d5aa35c\" data-id=\"d5aa35c\" data-element_type=\"column\">\n\t\t\t<div class=\"elementor-widget-wrap elementor-element-populated\">\n\t\t\t\t\t\t<div class=\"elementor-element elementor-element-210adfb elementor-widget elementor-widget-info_box\" data-id=\"210adfb\" data-element_type=\"widget\" data-widget_type=\"info_box.default\">\n\t\t\t\t<div class=\"elementor-widget-container\">\n\t\t\t\t\t\t\t<div class=\"feature-box style-default icon-left  shadow-enable border-hover\">\n\t\t\t\t\t\t<div class=\"feature-icon\"><i aria-hidden=\"true\" class=\"glyph-icon flaticon-human-resources\"><\/i><\/div>\n\t\t\t            <div class=\"feature-info\">\n\t\t\t\t              \t\t<h6 class=\"title\">Identidade Sexual e de G\u00eanero<\/h6>\n\t\t\t\t              \t\t<p>Ofere\u00e7o suporte e acolhimento no processo de autodescoberta e aceita\u00e7\u00e3o de identidade sexual e de g\u00eanero. Um espa\u00e7o livre de julgamentos para que voc\u00ea se reconhe\u00e7a e viva com autenticidade.<\/p>\n\t\t\t\t\t\t\t\t            <\/div>\n        <\/div>\n\t\t\t\t\t\t<\/div>\n\t\t\t\t<\/div>\n\t\t\t\t\t<\/div>\n\t\t<\/div>\n\t\t\t\t<div class=\"elementor-column elementor-col-50 elementor-inner-column elementor-element elementor-element-2064d6f\" data-id=\"2064d6f\" data-element_type=\"column\">\n\t\t\t<div class=\"elementor-widget-wrap elementor-element-populated\">\n\t\t\t\t\t\t<div class=\"elementor-element elementor-element-86519bb elementor-widget elementor-widget-info_box\" data-id=\"86519bb\" data-element_type=\"widget\" data-widget_type=\"info_box.default\">\n\t\t\t\t<div class=\"elementor-widget-container\">\n\t\t\t\t\t\t\t<div class=\"feature-box style-default icon-left  shadow-enable border-hover mobile-icon-left\">\n\t\t\t\t\t\t<div class=\"feature-icon\"><i aria-hidden=\"true\" class=\"glyph-icon flaticon-human-resources\"><\/i><\/div>\n\t\t\t            <div class=\"feature-info\">\n\t\t\t\t              \t\t<h6 class=\"title\">Traumas Sexuais<\/h6>\n\t\t\t\t              \t\t<p>Viver um trauma sexual pode deixar marcas profundas e \u00e9 comum que apare\u00e7am sentimentos de medo, vergonha, culpa ou dificuldade de confiar nas pessoas. Na psicoterapia voc\u00ea poder\u00e1 falar no seu tempo, sem julgamentos, com o objetivo de ajudar a recuperar o equil\u00edbrio, fortalecer sua autoestima e reconstruir sua vida com mais confian\u00e7a.<\/p>\n\t\t\t\t\t\t\t\t            <\/div>\n        <\/div>\n\t\t\t\t\t\t<\/div>\n\t\t\t\t<\/div>\n\t\t\t\t\t<\/div>\n\t\t<\/div>\n\t\t\t\t\t<\/div>\n\t\t<\/section>\n\t\t\t\t<div class=\"elementor-element elementor-element-dd34bc8 elementor-widget elementor-widget-text-editor\" data-id=\"dd34bc8\" data-element_type=\"widget\" data-widget_type=\"text-editor.default\">\n\t\t\t\t\t\t\t\t\t<p>Com uma abordagem emp\u00e1tica e baseada em evid\u00eancias, busco auxiliar voc\u00ea a viver sua sexualidade e seus relacionamentos de forma mais plena, consciente e feliz, promovendo uma vida \u00edntima mais satisfat\u00f3ria e conectada. Meu compromisso \u00e9 com o seu bem-estar e a sua jornada de autodescoberta e crescimento.<\/p>\t\t\t\t\t\t\t\t<\/div>\n\t\t\t\t<div class=\"elementor-element elementor-element-dd21da5 elementor-widget elementor-widget-finix_accordion\" data-id=\"dd21da5\" data-element_type=\"widget\" data-widget_type=\"finix_accordion.default\">\n\t\t\t\t<div class=\"elementor-widget-container\">\n\t\t\t\t\t\t\t<div class=\"accordion accordion-2 icon-flat\" id=\"accordion231\">\n\t\t\t\t\t\t<div class=\"card\">\n\t\t\t\t<div class=\"card-header\" id=\"heading-2311\">\n\t\t\t\t<h6 class=\"accordion-title\">\n\t\t\t\t\t<button type=\"button\" data-toggle=\"collapse\" data-target=\"#accordion-2311\" aria-expanded=\"true\" class=\"\" aria-controls=\"accordion-2311\">\n\t\t\t\t\t<span class=\"accordion-icon accordion-icon-right\">\n\t\t\t\t\t\t\t\t\t\t\t\t\t<span class=\"elementor-accordion-icon-closed\"><i class=\"ti ti-arrow-right\"><\/i><\/span>\n\t\t\t\t\t\t\t<span class=\"elementor-accordion-icon-opened\"><i class=\"ti ti-close\"><\/i><\/span>\n\t\t\t\t\t\t\t\t\t\t\t<\/span>\n\t\t\t\t\t<span class=\"finix-accordion-title\">1. A terapia sexual \u00e9 s\u00f3 para quem tem problemas na vida \u00edntima?<\/span>\n\t\t\t\t\t<\/button>\n\t\t\t\t<\/h6>\n\t\t\t\t<\/div>\n\t\t\t\t\n\t\t\t\t\t\t\t\t<div id=\"accordion-2311\"  class=\"collapse show\" aria-labelledby=\"heading-2311\" data-parent=\"#accordion231\">\n\t\t\t\t<div class=\"card-body\">\n\t\t\t\t\t<p>N\u00e3o. A terapia tamb\u00e9m ajuda quem deseja aprimorar a conex\u00e3o, aumentar o prazer, fortalecer v\u00ednculos e compreender melhor a pr\u00f3pria sexualidade.<\/p>\t\t\t\t<\/div>\n\t\t\t\t<\/div>\n\t\t\t\t\t\t\t<\/div>\n\t\t\t\t\t\t<div class=\"card\">\n\t\t\t\t<div class=\"card-header\" id=\"heading-2312\">\n\t\t\t\t<h6 class=\"accordion-title\">\n\t\t\t\t\t<button type=\"button\" data-toggle=\"collapse\" data-target=\"#accordion-2312\" aria-expanded=\"true\" class=\"collapsed\" aria-controls=\"accordion-2312\">\n\t\t\t\t\t<span class=\"accordion-icon accordion-icon-right\">\n\t\t\t\t\t\t\t\t\t\t\t\t\t<span class=\"elementor-accordion-icon-closed\"><i class=\"ti ti-arrow-right\"><\/i><\/span>\n\t\t\t\t\t\t\t<span class=\"elementor-accordion-icon-opened\"><i class=\"ti ti-close\"><\/i><\/span>\n\t\t\t\t\t\t\t\t\t\t\t<\/span>\n\t\t\t\t\t<span class=\"finix-accordion-title\">2. Casais podem fazer terapia juntos?<\/span>\n\t\t\t\t\t<\/button>\n\t\t\t\t<\/h6>\n\t\t\t\t<\/div>\n\t\t\t\t\n\t\t\t\t\t\t\t\t<div id=\"accordion-2312\"  class=\"collapse \" aria-labelledby=\"heading-2312\" data-parent=\"#accordion231\">\n\t\t\t\t<div class=\"card-body\">\n\t\t\t\t\t<p>Sim. A terapia pode ser individual ou em casal, oferecendo um espa\u00e7o seguro para melhorar a comunica\u00e7\u00e3o, resolver conflitos e fortalecer a rela\u00e7\u00e3o.<\/p>\t\t\t\t<\/div>\n\t\t\t\t<\/div>\n\t\t\t\t\t\t\t<\/div>\n\t\t\t\t\t\t<div class=\"card\">\n\t\t\t\t<div class=\"card-header\" id=\"heading-2313\">\n\t\t\t\t<h6 class=\"accordion-title\">\n\t\t\t\t\t<button type=\"button\" data-toggle=\"collapse\" data-target=\"#accordion-2313\" aria-expanded=\"true\" class=\"collapsed\" aria-controls=\"accordion-2313\">\n\t\t\t\t\t<span class=\"accordion-icon accordion-icon-right\">\n\t\t\t\t\t\t\t\t\t\t\t\t\t<span class=\"elementor-accordion-icon-closed\"><i class=\"ti ti-arrow-right\"><\/i><\/span>\n\t\t\t\t\t\t\t<span class=\"elementor-accordion-icon-opened\"><i class=\"ti ti-close\"><\/i><\/span>\n\t\t\t\t\t\t\t\t\t\t\t<\/span>\n\t\t\t\t\t<span class=\"finix-accordion-title\">3. Que tipos de quest\u00f5es posso trabalhar nesse processo?<\/span>\n\t\t\t\t\t<\/button>\n\t\t\t\t<\/h6>\n\t\t\t\t<\/div>\n\t\t\t\t\n\t\t\t\t\t\t\t\t<div id=\"accordion-2313\"  class=\"collapse \" aria-labelledby=\"heading-2313\" data-parent=\"#accordion231\">\n\t\t\t\t<div class=\"card-body\">\n\t\t\t\t\t<p>Podem ser abordados temas como disfun\u00e7\u00f5es sexuais, autoestima, identidade de g\u00eanero, traumas, dificuldades de comunica\u00e7\u00e3o e problemas relacionais.<\/p>\t\t\t\t<\/div>\n\t\t\t\t<\/div>\n\t\t\t\t\t\t\t<\/div>\n\t\t\t\t\t<\/div>\n\t\t\t\t\t\t<\/div>\n\t\t\t\t<\/div>\n\t\t\t\t\t<\/div>\n\t\t<\/div>\n\t\t\t\t\t<\/div>\n\t\t<\/section>\n\t\t\t\t<\/div>\n\t\t","protected":false},"excerpt":{"rendered":"<p>Quero Reservar um Hor\u00e1rio Agende sua sess\u00e3o e d\u00ea o primeiro passo para a mudan\u00e7a que voc\u00ea merece. +55 (71) 99323-2318 contato@anachagas.com.br Viver a sexualidade de forma saud\u00e1vel e satisfat\u00f3ria \u00e9 fundamental para o bem-estar mental e emocional, influenciando diretamente a forma como nos relacionamos conosco e com os outros. Atrav\u00e9s da Terapia Cognitiva Sexual, [&hellip;]<\/p>\n","protected":false},"author":1,"featured_media":6788,"parent":0,"menu_order":0,"comment_status":"closed","ping_status":"closed","template":"elementor_header_footer","meta":{"_acf_changed":false,"footnotes":""},"class_list":["post-6843","page","type-page","status-publish","has-post-thumbnail","hentry"],"acf":[],"_links":{"self":[{"href":"https:\/\/anachagas.com.br\/index.php?rest_route=\/wp\/v2\/pages\/6843","targetHints":{"allow":["GET"]}}],"collection":[{"href":"https:\/\/anachagas.com.br\/index.php?rest_route=\/wp\/v2\/pages"}],"about":[{"href":"https:\/\/anachagas.com.br\/index.php?rest_route=\/wp\/v2\/types\/page"}],"author":[{"embeddable":true,"href":"https:\/\/anachagas.com.br\/index.php?rest_route=\/wp\/v2\/users\/1"}],"replies":[{"embeddable":true,"href":"https:\/\/anachagas.com.br\/index.php?rest_route=%2Fwp%2Fv2%2Fcomments&post=6843"}],"version-history":[{"count":13,"href":"https:\/\/anachagas.com.br\/index.php?rest_route=\/wp\/v2\/pages\/6843\/revisions"}],"predecessor-version":[{"id":6997,"href":"https:\/\/anachagas.com.br\/index.php?rest_route=\/wp\/v2\/pages\/6843\/revisions\/6997"}],"wp:featuredmedia":[{"embeddable":true,"href":"https:\/\/anachagas.com.br\/index.php?rest_route=\/wp\/v2\/media\/6788"}],"wp:attachment":[{"href":"https:\/\/anachagas.com.br\/index.php?rest_route=%2Fwp%2Fv2%2Fmedia&parent=6843"}],"curies":[{"name":"wp","href":"https:\/\/api.w.org\/{rel}","templated":true}]}}