{"id":6565,"date":"2021-06-30T14:03:14","date_gmt":"2021-06-30T14:03:14","guid":{"rendered":"http:\/\/finix.powersquall.com\/data-science\/?page_id=6565"},"modified":"2025-09-08T22:11:11","modified_gmt":"2025-09-09T01:11:11","slug":"transtornos-emocionais","status":"publish","type":"page","link":"https:\/\/anachagas.com.br\/?page_id=6565","title":{"rendered":"Transtornos Emocionais"},"content":{"rendered":"\t\t<div data-elementor-type=\"wp-page\" data-elementor-id=\"6565\" class=\"elementor elementor-6565\">\n\t\t\t\t\t\t<section class=\"elementor-section elementor-top-section elementor-element elementor-element-ae9a80a elementor-reverse-tablet elementor-reverse-mobile elementor-section-boxed elementor-section-height-default elementor-section-height-default\" data-id=\"ae9a80a\" data-element_type=\"section\">\n\t\t\t\t\t\t<div class=\"elementor-container elementor-column-gap-default\">\n\t\t\t\t\t<div class=\"elementor-column elementor-col-33 elementor-top-column elementor-element elementor-element-1f42408 sticky-top\" data-id=\"1f42408\" data-element_type=\"column\">\n\t\t\t<div class=\"elementor-widget-wrap elementor-element-populated\">\n\t\t\t\t\t\t<section class=\"elementor-section elementor-inner-section elementor-element elementor-element-479ab4d elementor-section-boxed elementor-section-height-default elementor-section-height-default\" data-id=\"479ab4d\" data-element_type=\"section\">\n\t\t\t\t\t\t<div class=\"elementor-container elementor-column-gap-default\">\n\t\t\t\t\t<div class=\"elementor-column elementor-col-100 elementor-inner-column elementor-element elementor-element-6118b82\" data-id=\"6118b82\" data-element_type=\"column\" data-settings=\"{&quot;background_background&quot;:&quot;classic&quot;}\">\n\t\t\t<div class=\"elementor-widget-wrap elementor-element-populated\">\n\t\t\t\t\t<div class=\"elementor-background-overlay\"><\/div>\n\t\t\t\t\t\t<div class=\"elementor-element elementor-element-a090750 elementor-widget elementor-widget-info_box\" data-id=\"a090750\" data-element_type=\"widget\" data-widget_type=\"info_box.default\">\n\t\t\t\t<div class=\"elementor-widget-container\">\n\t\t\t\t\t\t\t<div class=\"feature-box style-default icon-top \">\n\t\t\t\t\t\t<div class=\"feature-icon\"><i aria-hidden=\"true\" class=\"ti ti-headphone-alt\"><\/i><\/div>\n\t\t\t            <div class=\"feature-info\">\n\t\t\t\t              \t\t<h4 class=\"title\">Quero Reservar um Hor\u00e1rio<\/h4>\n\t\t\t\t              \t\t<p>Agende sua sess\u00e3o e d\u00ea o primeiro passo para a mudan\u00e7a que voc\u00ea merece.<\/p>\n\t\t\t\t\t\t\t\t            <\/div>\n        <\/div>\n\t\t\t\t\t\t<\/div>\n\t\t\t\t<\/div>\n\t\t\t\t<div class=\"elementor-element elementor-element-9895b4b elementor-widget elementor-widget-info_box\" data-id=\"9895b4b\" data-element_type=\"widget\" data-widget_type=\"info_box.default\">\n\t\t\t\t<div class=\"elementor-widget-container\">\n\t\t\t\t\t\t\t<div class=\"feature-box style-default icon-left \">\n\t\t\t\t\t\t<div class=\"feature-icon\"><i aria-hidden=\"true\" class=\"ion ion-android-call\"><\/i><\/div>\n\t\t\t            <div class=\"feature-info\">\n\t\t\t\t              \t\t<h6 class=\"title\">+55 (71) 99323-2318<\/h6>\n\t\t\t\t\t\t\t\t            <\/div>\n        <\/div>\n\t\t\t\t\t\t<\/div>\n\t\t\t\t<\/div>\n\t\t\t\t<div class=\"elementor-element elementor-element-08bd7e6 elementor-widget elementor-widget-info_box\" data-id=\"08bd7e6\" data-element_type=\"widget\" data-widget_type=\"info_box.default\">\n\t\t\t\t<div class=\"elementor-widget-container\">\n\t\t\t\t\t\t\t<div class=\"feature-box style-default icon-left \">\n\t\t\t\t\t\t<div class=\"feature-icon\"><i aria-hidden=\"true\" class=\"ti ti-email\"><\/i><\/div>\n\t\t\t            <div class=\"feature-info\">\n\t\t\t\t              \t\t<h6 class=\"title\">contato@anachagas.com.br<\/h6>\n\t\t\t\t\t\t\t\t            <\/div>\n        <\/div>\n\t\t\t\t\t\t<\/div>\n\t\t\t\t<\/div>\n\t\t\t\t\t<\/div>\n\t\t<\/div>\n\t\t\t\t\t<\/div>\n\t\t<\/section>\n\t\t\t\t\t<\/div>\n\t\t<\/div>\n\t\t\t\t<div class=\"elementor-column elementor-col-66 elementor-top-column elementor-element elementor-element-70f941c\" data-id=\"70f941c\" data-element_type=\"column\">\n\t\t\t<div class=\"elementor-widget-wrap elementor-element-populated\">\n\t\t\t\t\t\t<div class=\"elementor-element elementor-element-f36e17c elementor-widget elementor-widget-image_gallery\" data-id=\"f36e17c\" data-element_type=\"widget\" data-widget_type=\"image_gallery.default\">\n\t\t\t\t<div class=\"elementor-widget-container\">\n\t\t\t\t\t\t\t<div class=\"gallery-item-main arrow-style2\">\n\t\t\t\t<div class=\"swiper-container\" data-items=\"1\" data-lg-items=\"1\" data-md-items=\"1\" data-sm-items=\"1\" data-xs-items=\"1\" data-space=\"15\" data-arrow=\"true\" data-bullets=\"false\" data-autoplay=\"false\" data-loop=\"true\" data-centered=\"false\">\n\t\t\t<div class=\"swiper-wrapper\">\n\t\t\t\t\t\t\t\t<div class=\"swiper-slide\">\n\t\t\t\t\t<div class=\"gallery-item\">\n\t\t\t\t\t\t<a class=\"popup-img\" href=\"https:\/\/anachagas.com.br\/wp-content\/uploads\/2025\/08\/1-3.png\">\n\t\t\t\t\t\t\t<img decoding=\"async\" src=\"https:\/\/anachagas.com.br\/wp-content\/uploads\/2025\/08\/1-3.png\" class=\"img-fluid\" alt=\"\" \/>\n\t\t\t\t\t\t<\/a>\n\t\t\t\t\t<\/div>\n\t\t\t\t<\/div>\n\t\t\t\t\t\t\t<\/div>\n\n\t\t\t<div class=\"swiper-pagination\"><\/div>\n\t\t\t<div class=\"swiper-button-next\"><i class=\"fas fa-chevron-right\"><\/i><\/div>\n\t\t\t<div class=\"swiper-button-prev\"><i class=\"fas fa-chevron-left\"><\/i><\/div>\n\n\t\t<\/div>\n\t\t\t\t\t<\/div>\n\t\t\t\t\t\t<\/div>\n\t\t\t\t<\/div>\n\t\t\t\t<div class=\"elementor-element elementor-element-8b4c181 elementor-widget elementor-widget-text-editor\" data-id=\"8b4c181\" data-element_type=\"widget\" data-widget_type=\"text-editor.default\">\n\t\t\t\t\t\t\t\t\t<p>Muitas vezes, vivenciamos sintomas de Transtornos Emocionais, mas n\u00e3o sabemos identific\u00e1-los e tentamos lidar com esses sentimentos sozinhos, o que acaba por gerar sofrimento consider\u00e1vel e comprometimento em nosso bem-estar. \u00c9 importante que voc\u00ea esteja atento se est\u00e1 vivenciando alguns dos seguintes sintomas, que podem indicar a necessidade de buscar apoio profissional:<\/p>\t\t\t\t\t\t\t\t<\/div>\n\t\t\t\t<section class=\"elementor-section elementor-inner-section elementor-element elementor-element-4c1c453 elementor-section-boxed elementor-section-height-default elementor-section-height-default\" data-id=\"4c1c453\" data-element_type=\"section\">\n\t\t\t\t\t\t<div class=\"elementor-container elementor-column-gap-default\">\n\t\t\t\t\t<div class=\"elementor-column elementor-col-50 elementor-inner-column elementor-element elementor-element-43a1024\" data-id=\"43a1024\" data-element_type=\"column\">\n\t\t\t<div class=\"elementor-widget-wrap elementor-element-populated\">\n\t\t\t\t\t\t<div class=\"elementor-element elementor-element-fa6895e elementor-widget elementor-widget-info_box\" data-id=\"fa6895e\" data-element_type=\"widget\" data-widget_type=\"info_box.default\">\n\t\t\t\t<div class=\"elementor-widget-container\">\n\t\t\t\t\t\t\t<div class=\"feature-box style-default icon-left  shadow-enable border-hover\">\n\t\t\t\t\t\t<div class=\"feature-icon\"><i aria-hidden=\"true\" class=\"glyph-icon flaticon-human-resources\"><\/i><\/div>\n\t\t\t            <div class=\"feature-info\">\n\t\t\t\t              \t\t<h6 class=\"title\">Mudan\u00e7as frequentes de humor:<\/h6>\n\t\t\t\t              \t\t<p>Oscila\u00e7\u00f5es emocionais intensas e imprevis\u00edveis.<\/p>\n\t\t\t\t\t\t\t\t            <\/div>\n        <\/div>\n\t\t\t\t\t\t<\/div>\n\t\t\t\t<\/div>\n\t\t\t\t<div class=\"elementor-element elementor-element-cde66ee elementor-widget elementor-widget-info_box\" data-id=\"cde66ee\" data-element_type=\"widget\" data-widget_type=\"info_box.default\">\n\t\t\t\t<div class=\"elementor-widget-container\">\n\t\t\t\t\t\t\t<div class=\"feature-box style-default icon-left  shadow-enable border-hover\">\n\t\t\t\t\t\t<div class=\"feature-icon\"><i aria-hidden=\"true\" class=\"glyph-icon flaticon-human-resources\"><\/i><\/div>\n\t\t\t            <div class=\"feature-info\">\n\t\t\t\t              \t\t<h6 class=\"title\">Preocupa\u00e7\u00e3o excessiva\/rumina\u00e7\u00e3o:<\/h6>\n\t\t\t\t              \t\t<p>Pensamentos repetitivos e incontrol\u00e1veis sobre problemas ou situa\u00e7\u00f5es futuras.<\/p>\n\t\t\t\t\t\t\t\t            <\/div>\n        <\/div>\n\t\t\t\t\t\t<\/div>\n\t\t\t\t<\/div>\n\t\t\t\t\t<\/div>\n\t\t<\/div>\n\t\t\t\t<div class=\"elementor-column elementor-col-50 elementor-inner-column elementor-element elementor-element-38ae201\" data-id=\"38ae201\" data-element_type=\"column\">\n\t\t\t<div class=\"elementor-widget-wrap elementor-element-populated\">\n\t\t\t\t\t\t<div class=\"elementor-element elementor-element-e019c22 elementor-widget elementor-widget-info_box\" data-id=\"e019c22\" data-element_type=\"widget\" data-widget_type=\"info_box.default\">\n\t\t\t\t<div class=\"elementor-widget-container\">\n\t\t\t\t\t\t\t<div class=\"feature-box style-default icon-left  shadow-enable border-hover mobile-icon-left\">\n\t\t\t\t\t\t<div class=\"feature-icon\"><i aria-hidden=\"true\" class=\"glyph-icon flaticon-human-resources\"><\/i><\/div>\n\t\t\t            <div class=\"feature-info\">\n\t\t\t\t              \t\t<h6 class=\"title\">Irritabilidade:<\/h6>\n\t\t\t\t              \t\t<p>Sensa\u00e7\u00e3o constante de raiva, frustra\u00e7\u00e3o ou impaci\u00eancia.<\/p>\n\t\t\t\t\t\t\t\t            <\/div>\n        <\/div>\n\t\t\t\t\t\t<\/div>\n\t\t\t\t<\/div>\n\t\t\t\t<div class=\"elementor-element elementor-element-7a72d54 elementor-widget elementor-widget-info_box\" data-id=\"7a72d54\" data-element_type=\"widget\" data-widget_type=\"info_box.default\">\n\t\t\t\t<div class=\"elementor-widget-container\">\n\t\t\t\t\t\t\t<div class=\"feature-box style-default icon-left  shadow-enable border-hover mobile-icon-left\">\n\t\t\t\t\t\t<div class=\"feature-icon\"><i aria-hidden=\"true\" class=\"glyph-icon flaticon-human-resources\"><\/i><\/div>\n\t\t\t            <div class=\"feature-info\">\n\t\t\t\t              \t\t<h6 class=\"title\">Tristeza profunda:<\/h6>\n\t\t\t\t              \t\t<p>Sentimento persistente de melancolia, desesperan\u00e7a ou vazio.<\/p>\n\t\t\t\t\t\t\t\t            <\/div>\n        <\/div>\n\t\t\t\t\t\t<\/div>\n\t\t\t\t<\/div>\n\t\t\t\t\t<\/div>\n\t\t<\/div>\n\t\t\t\t\t<\/div>\n\t\t<\/section>\n\t\t\t\t<section class=\"elementor-section elementor-inner-section elementor-element elementor-element-2a0db27 elementor-section-boxed elementor-section-height-default elementor-section-height-default\" data-id=\"2a0db27\" data-element_type=\"section\">\n\t\t\t\t\t\t<div class=\"elementor-container elementor-column-gap-default\">\n\t\t\t\t\t<div class=\"elementor-column elementor-col-50 elementor-inner-column elementor-element elementor-element-d5aa35c\" data-id=\"d5aa35c\" data-element_type=\"column\">\n\t\t\t<div class=\"elementor-widget-wrap elementor-element-populated\">\n\t\t\t\t\t\t<div class=\"elementor-element elementor-element-210adfb elementor-widget elementor-widget-info_box\" data-id=\"210adfb\" data-element_type=\"widget\" data-widget_type=\"info_box.default\">\n\t\t\t\t<div class=\"elementor-widget-container\">\n\t\t\t\t\t\t\t<div class=\"feature-box style-default icon-left  shadow-enable border-hover\">\n\t\t\t\t\t\t<div class=\"feature-icon\"><i aria-hidden=\"true\" class=\"glyph-icon flaticon-human-resources\"><\/i><\/div>\n\t\t\t            <div class=\"feature-info\">\n\t\t\t\t              \t\t<h6 class=\"title\">Dificuldade de concentra\u00e7\u00e3o:<\/h6>\n\t\t\t\t              \t\t<p>Problemas para manter o foco em tarefas, leituras ou conversas.<\/p>\n\t\t\t\t\t\t\t\t            <\/div>\n        <\/div>\n\t\t\t\t\t\t<\/div>\n\t\t\t\t<\/div>\n\t\t\t\t<div class=\"elementor-element elementor-element-7d79951 elementor-widget elementor-widget-info_box\" data-id=\"7d79951\" data-element_type=\"widget\" data-widget_type=\"info_box.default\">\n\t\t\t\t<div class=\"elementor-widget-container\">\n\t\t\t\t\t\t\t<div class=\"feature-box style-default icon-left  shadow-enable border-hover\">\n\t\t\t\t\t\t<div class=\"feature-icon\"><i aria-hidden=\"true\" class=\"glyph-icon flaticon-human-resources\"><\/i><\/div>\n\t\t\t            <div class=\"feature-info\">\n\t\t\t\t              \t\t<h6 class=\"title\">Problemas de sono:<\/h6>\n\t\t\t\t              \t\t<p>Ins\u00f4nia, hipersonia ou sono n\u00e3o reparador.<\/p>\n\t\t\t\t\t\t\t\t            <\/div>\n        <\/div>\n\t\t\t\t\t\t<\/div>\n\t\t\t\t<\/div>\n\t\t\t\t\t<\/div>\n\t\t<\/div>\n\t\t\t\t<div class=\"elementor-column elementor-col-50 elementor-inner-column elementor-element elementor-element-2064d6f\" data-id=\"2064d6f\" data-element_type=\"column\">\n\t\t\t<div class=\"elementor-widget-wrap elementor-element-populated\">\n\t\t\t\t\t\t<div class=\"elementor-element elementor-element-86519bb elementor-widget elementor-widget-info_box\" data-id=\"86519bb\" data-element_type=\"widget\" data-widget_type=\"info_box.default\">\n\t\t\t\t<div class=\"elementor-widget-container\">\n\t\t\t\t\t\t\t<div class=\"feature-box style-default icon-left  shadow-enable border-hover mobile-icon-left\">\n\t\t\t\t\t\t<div class=\"feature-icon\"><i aria-hidden=\"true\" class=\"glyph-icon flaticon-human-resources\"><\/i><\/div>\n\t\t\t            <div class=\"feature-info\">\n\t\t\t\t              \t\t<h6 class=\"title\">Fadiga:<\/h6>\n\t\t\t\t              \t\t<p>Cansa\u00e7o extremo e persistente, mesmo ap\u00f3s per\u00edodos de descanso.<\/p>\n\t\t\t\t\t\t\t\t            <\/div>\n        <\/div>\n\t\t\t\t\t\t<\/div>\n\t\t\t\t<\/div>\n\t\t\t\t<div class=\"elementor-element elementor-element-c7f0f4c elementor-widget elementor-widget-info_box\" data-id=\"c7f0f4c\" data-element_type=\"widget\" data-widget_type=\"info_box.default\">\n\t\t\t\t<div class=\"elementor-widget-container\">\n\t\t\t\t\t\t\t<div class=\"feature-box style-default icon-left  shadow-enable border-hover mobile-icon-left\">\n\t\t\t\t\t\t<div class=\"feature-icon\"><i aria-hidden=\"true\" class=\"glyph-icon flaticon-human-resources\"><\/i><\/div>\n\t\t\t            <div class=\"feature-info\">\n\t\t\t\t              \t\t<h6 class=\"title\">Altera\u00e7\u00f5es no apetite:<\/h6>\n\t\t\t\t              \t\t<p>Perda ou aumento significativo do apetite, levando a mudan\u00e7as de peso.<\/p>\n\t\t\t\t\t\t\t\t            <\/div>\n        <\/div>\n\t\t\t\t\t\t<\/div>\n\t\t\t\t<\/div>\n\t\t\t\t\t<\/div>\n\t\t<\/div>\n\t\t\t\t\t<\/div>\n\t\t<\/section>\n\t\t\t\t<section class=\"elementor-section elementor-inner-section elementor-element elementor-element-cc535ee elementor-section-boxed elementor-section-height-default elementor-section-height-default\" data-id=\"cc535ee\" data-element_type=\"section\">\n\t\t\t\t\t\t<div class=\"elementor-container elementor-column-gap-default\">\n\t\t\t\t\t<div class=\"elementor-column elementor-col-50 elementor-inner-column elementor-element elementor-element-c2f816e\" data-id=\"c2f816e\" data-element_type=\"column\">\n\t\t\t<div class=\"elementor-widget-wrap elementor-element-populated\">\n\t\t\t\t\t\t<div class=\"elementor-element elementor-element-dfb8b1a elementor-widget elementor-widget-info_box\" data-id=\"dfb8b1a\" data-element_type=\"widget\" data-widget_type=\"info_box.default\">\n\t\t\t\t<div class=\"elementor-widget-container\">\n\t\t\t\t\t\t\t<div class=\"feature-box style-default icon-left  shadow-enable border-hover\">\n\t\t\t\t\t\t<div class=\"feature-icon\"><i aria-hidden=\"true\" class=\"glyph-icon flaticon-human-resources\"><\/i><\/div>\n\t\t\t            <div class=\"feature-info\">\n\t\t\t\t              \t\t<h6 class=\"title\">Dores f\u00edsicas inexplic\u00e1veis:<\/h6>\n\t\t\t\t              \t\t<p>Dores cr\u00f4nicas sem causa m\u00e9dica aparente.<\/p>\n\t\t\t\t\t\t\t\t            <\/div>\n        <\/div>\n\t\t\t\t\t\t<\/div>\n\t\t\t\t<\/div>\n\t\t\t\t<div class=\"elementor-element elementor-element-a5114d7 elementor-widget elementor-widget-info_box\" data-id=\"a5114d7\" data-element_type=\"widget\" data-widget_type=\"info_box.default\">\n\t\t\t\t<div class=\"elementor-widget-container\">\n\t\t\t\t\t\t\t<div class=\"feature-box style-default icon-left  shadow-enable border-hover\">\n\t\t\t\t\t\t<div class=\"feature-icon\"><i aria-hidden=\"true\" class=\"glyph-icon flaticon-human-resources\"><\/i><\/div>\n\t\t\t            <div class=\"feature-info\">\n\t\t\t\t              \t\t<h6 class=\"title\">Comportamento impulsivo:<\/h6>\n\t\t\t\t              \t\t<p>A\u00e7\u00f5es precipitadas sem considerar as consequ\u00eancias.<\/p>\n\t\t\t\t\t\t\t\t            <\/div>\n        <\/div>\n\t\t\t\t\t\t<\/div>\n\t\t\t\t<\/div>\n\t\t\t\t\t<\/div>\n\t\t<\/div>\n\t\t\t\t<div class=\"elementor-column elementor-col-50 elementor-inner-column elementor-element elementor-element-acc459a\" data-id=\"acc459a\" data-element_type=\"column\">\n\t\t\t<div class=\"elementor-widget-wrap elementor-element-populated\">\n\t\t\t\t\t\t<div class=\"elementor-element elementor-element-704fa0f elementor-widget elementor-widget-info_box\" data-id=\"704fa0f\" data-element_type=\"widget\" data-widget_type=\"info_box.default\">\n\t\t\t\t<div class=\"elementor-widget-container\">\n\t\t\t\t\t\t\t<div class=\"feature-box style-default icon-left  shadow-enable border-hover mobile-icon-left\">\n\t\t\t\t\t\t<div class=\"feature-icon\"><i aria-hidden=\"true\" class=\"glyph-icon flaticon-human-resources\"><\/i><\/div>\n\t\t\t            <div class=\"feature-info\">\n\t\t\t\t              \t\t<h6 class=\"title\">Perda de interesse em atividades que antes eram prazerosas:<\/h6>\n\t\t\t\t              \t\t<p>Desmotiva\u00e7\u00e3o para hobbies, trabalho ou intera\u00e7\u00f5es sociais.<\/p>\n\t\t\t\t\t\t\t\t            <\/div>\n        <\/div>\n\t\t\t\t\t\t<\/div>\n\t\t\t\t<\/div>\n\t\t\t\t\t<\/div>\n\t\t<\/div>\n\t\t\t\t\t<\/div>\n\t\t<\/section>\n\t\t\t\t<div class=\"elementor-element elementor-element-dd34bc8 elementor-widget elementor-widget-text-editor\" data-id=\"dd34bc8\" data-element_type=\"widget\" data-widget_type=\"text-editor.default\">\n\t\t\t\t\t\t\t\t\t<p>Para serem considerados transtornos, esses sintomas precisam estar presentes por um tempo significativo, impactando sua qualidade de vida, seus relacionamentos e gerando sofrimento. N\u00e3o hesite em procurar ajuda profissional. Transtornos Emocionais t\u00eam tratamento! A psicoterapia oferece ferramentas e estrat\u00e9gias para lidar com esses desafios, promovendo autoconhecimento, resili\u00eancia e bem-estar. Buscar apoio \u00e9 um passo fundamental para uma vida mais equilibrada e plena.<\/p>\t\t\t\t\t\t\t\t<\/div>\n\t\t\t\t<div class=\"elementor-element elementor-element-dd21da5 elementor-widget elementor-widget-finix_accordion\" data-id=\"dd21da5\" data-element_type=\"widget\" data-widget_type=\"finix_accordion.default\">\n\t\t\t\t<div class=\"elementor-widget-container\">\n\t\t\t\t\t\t\t<div class=\"accordion accordion-2 icon-flat\" id=\"accordion231\">\n\t\t\t\t\t\t<div class=\"card\">\n\t\t\t\t<div class=\"card-header\" id=\"heading-2311\">\n\t\t\t\t<h6 class=\"accordion-title\">\n\t\t\t\t\t<button type=\"button\" data-toggle=\"collapse\" data-target=\"#accordion-2311\" aria-expanded=\"true\" class=\"\" aria-controls=\"accordion-2311\">\n\t\t\t\t\t<span class=\"accordion-icon accordion-icon-right\">\n\t\t\t\t\t\t\t\t\t\t\t\t\t<span class=\"elementor-accordion-icon-closed\"><i class=\"ti ti-arrow-right\"><\/i><\/span>\n\t\t\t\t\t\t\t<span class=\"elementor-accordion-icon-opened\"><i class=\"ti ti-close\"><\/i><\/span>\n\t\t\t\t\t\t\t\t\t\t\t<\/span>\n\t\t\t\t\t<span class=\"finix-accordion-title\">01. Quais sinais indicam que posso estar enfrentando um transtorno emocional?<\/span>\n\t\t\t\t\t<\/button>\n\t\t\t\t<\/h6>\n\t\t\t\t<\/div>\n\t\t\t\t\n\t\t\t\t\t\t\t\t<div id=\"accordion-2311\"  class=\"collapse show\" aria-labelledby=\"heading-2311\" data-parent=\"#accordion231\">\n\t\t\t\t<div class=\"card-body\">\n\t\t\t\t\t<p>Mudan\u00e7as frequentes de humor, tristeza persistente, irritabilidade, preocupa\u00e7\u00e3o excessiva, fadiga, dificuldades de concentra\u00e7\u00e3o ou altera\u00e7\u00f5es no sono e apetite s\u00e3o sinais importantes de aten\u00e7\u00e3o.<\/p>\t\t\t\t<\/div>\n\t\t\t\t<\/div>\n\t\t\t\t\t\t\t<\/div>\n\t\t\t\t\t\t<div class=\"card\">\n\t\t\t\t<div class=\"card-header\" id=\"heading-2312\">\n\t\t\t\t<h6 class=\"accordion-title\">\n\t\t\t\t\t<button type=\"button\" data-toggle=\"collapse\" data-target=\"#accordion-2312\" aria-expanded=\"true\" class=\"collapsed\" aria-controls=\"accordion-2312\">\n\t\t\t\t\t<span class=\"accordion-icon accordion-icon-right\">\n\t\t\t\t\t\t\t\t\t\t\t\t\t<span class=\"elementor-accordion-icon-closed\"><i class=\"ti ti-arrow-right\"><\/i><\/span>\n\t\t\t\t\t\t\t<span class=\"elementor-accordion-icon-opened\"><i class=\"ti ti-close\"><\/i><\/span>\n\t\t\t\t\t\t\t\t\t\t\t<\/span>\n\t\t\t\t\t<span class=\"finix-accordion-title\">2. A psicoterapia realmente ajuda em transtornos emocionais?<\/span>\n\t\t\t\t\t<\/button>\n\t\t\t\t<\/h6>\n\t\t\t\t<\/div>\n\t\t\t\t\n\t\t\t\t\t\t\t\t<div id=\"accordion-2312\"  class=\"collapse \" aria-labelledby=\"heading-2312\" data-parent=\"#accordion231\">\n\t\t\t\t<div class=\"card-body\">\n\t\t\t\t\t<p>Sim. A psicoterapia oferece estrat\u00e9gias para compreender emo\u00e7\u00f5es, desenvolver resili\u00eancia e adotar novas formas de lidar com os desafios, promovendo bem-estar e equil\u00edbrio emocional.<\/p>\t\t\t\t<\/div>\n\t\t\t\t<\/div>\n\t\t\t\t\t\t\t<\/div>\n\t\t\t\t\t\t<div class=\"card\">\n\t\t\t\t<div class=\"card-header\" id=\"heading-2313\">\n\t\t\t\t<h6 class=\"accordion-title\">\n\t\t\t\t\t<button type=\"button\" data-toggle=\"collapse\" data-target=\"#accordion-2313\" aria-expanded=\"true\" class=\"collapsed\" aria-controls=\"accordion-2313\">\n\t\t\t\t\t<span class=\"accordion-icon accordion-icon-right\">\n\t\t\t\t\t\t\t\t\t\t\t\t\t<span class=\"elementor-accordion-icon-closed\"><i class=\"ti ti-arrow-right\"><\/i><\/span>\n\t\t\t\t\t\t\t<span class=\"elementor-accordion-icon-opened\"><i class=\"ti ti-close\"><\/i><\/span>\n\t\t\t\t\t\t\t\t\t\t\t<\/span>\n\t\t\t\t\t<span class=\"finix-accordion-title\">3. Preciso ter diagn\u00f3stico m\u00e9dico para iniciar a terapia?<\/span>\n\t\t\t\t\t<\/button>\n\t\t\t\t<\/h6>\n\t\t\t\t<\/div>\n\t\t\t\t\n\t\t\t\t\t\t\t\t<div id=\"accordion-2313\"  class=\"collapse \" aria-labelledby=\"heading-2313\" data-parent=\"#accordion231\">\n\t\t\t\t<div class=\"card-body\">\n\t\t\t\t\t<p>N\u00e3o. Voc\u00ea pode procurar ajuda ao perceber sintomas que impactam sua vida. O diagn\u00f3stico, quando necess\u00e1rio, pode ser constru\u00eddo em conjunto com o psic\u00f3logo e outros profissionais de sa\u00fade.<\/p>\t\t\t\t<\/div>\n\t\t\t\t<\/div>\n\t\t\t\t\t\t\t<\/div>\n\t\t\t\t\t<\/div>\n\t\t\t\t\t\t<\/div>\n\t\t\t\t<\/div>\n\t\t\t\t\t<\/div>\n\t\t<\/div>\n\t\t\t\t\t<\/div>\n\t\t<\/section>\n\t\t\t\t<\/div>\n\t\t","protected":false},"excerpt":{"rendered":"<p>Quero Reservar um Hor\u00e1rio Agende sua sess\u00e3o e d\u00ea o primeiro passo para a mudan\u00e7a que voc\u00ea merece. +55 (71) 99323-2318 contato@anachagas.com.br Muitas vezes, vivenciamos sintomas de Transtornos Emocionais, mas n\u00e3o sabemos identific\u00e1-los e tentamos lidar com esses sentimentos sozinhos, o que acaba por gerar sofrimento consider\u00e1vel e comprometimento em nosso bem-estar. \u00c9 importante que [&hellip;]<\/p>\n","protected":false},"author":1,"featured_media":0,"parent":0,"menu_order":0,"comment_status":"closed","ping_status":"closed","template":"elementor_header_footer","meta":{"_acf_changed":false,"footnotes":""},"class_list":["post-6565","page","type-page","status-publish","hentry"],"acf":[],"_links":{"self":[{"href":"https:\/\/anachagas.com.br\/index.php?rest_route=\/wp\/v2\/pages\/6565","targetHints":{"allow":["GET"]}}],"collection":[{"href":"https:\/\/anachagas.com.br\/index.php?rest_route=\/wp\/v2\/pages"}],"about":[{"href":"https:\/\/anachagas.com.br\/index.php?rest_route=\/wp\/v2\/types\/page"}],"author":[{"embeddable":true,"href":"https:\/\/anachagas.com.br\/index.php?rest_route=\/wp\/v2\/users\/1"}],"replies":[{"embeddable":true,"href":"https:\/\/anachagas.com.br\/index.php?rest_route=%2Fwp%2Fv2%2Fcomments&post=6565"}],"version-history":[{"count":7,"href":"https:\/\/anachagas.com.br\/index.php?rest_route=\/wp\/v2\/pages\/6565\/revisions"}],"predecessor-version":[{"id":6833,"href":"https:\/\/anachagas.com.br\/index.php?rest_route=\/wp\/v2\/pages\/6565\/revisions\/6833"}],"wp:attachment":[{"href":"https:\/\/anachagas.com.br\/index.php?rest_route=%2Fwp%2Fv2%2Fmedia&parent=6565"}],"curies":[{"name":"wp","href":"https:\/\/api.w.org\/{rel}","templated":true}]}}